{"id":10461,"date":"2025-10-02T12:00:13","date_gmt":"2025-10-02T11:00:13","guid":{"rendered":"https:\/\/dg-technologies.de\/?page_id=10461"},"modified":"2026-03-02T13:21:57","modified_gmt":"2026-03-02T12:21:57","slug":"plattformen-fuer-optische-analysen","status":"publish","type":"page","link":"https:\/\/dg-technologies.de\/de\/plattformen-fuer-optische-analysen\/","title":{"rendered":"Plattformen f\u00fcr optische Analysen"},"content":{"rendered":"<section class=\"l-section wpb_row us_custom_d353c498 height_small with_img parallax_ver\"><div class=\"l-section-img\" role=\"img\" aria-label=\"Bild\" data-img-width=\"1584\" data-img-height=\"396\" style=\"background-image: url(https:\/\/dg-technologies.de\/wp-content\/uploads\/2025\/03\/Lateral-Flow-Familiy-Header.png);\"><\/div><div class=\"l-section-overlay\" style=\"background:rgba(101,52,116,0.70)\"><\/div><div class=\"l-section-h i-cf\"><div class=\"g-cols vc_row via_flex valign_top type_default stacking_default\"><div class=\"vc_col-sm-12 wpb_column vc_column_container\"><div class=\"vc_column-inner\"><div class=\"wpb_wrapper\">[vc_custom_heading text=&#8220;Sehen Sie, was sich in der Entwicklungs-Pipeline befindet&#8220; font_container=&#8220;tag:h1|text_align:center&#8220; use_theme_fonts=&#8220;yes&#8220; css=&#8220;%7B%22default%22%3A%7B%22color%22%3A%22rgba%28255%2C255%2C255%2C0.70%29%22%2C%22font-size%22%3A%2220px%22%2C%22line-height%22%3A%2222px%22%2C%22margin-bottom%22%3A%2210px%22%7D%7D&#8220;][vc_custom_heading text=&#8220;Unsere Plattformen f\u00fcr optische Analysen&#8220; font_container=&#8220;tag:h2|text_align:center&#8220; use_theme_fonts=&#8220;yes&#8220; css=&#8220;%7B%22default%22%3A%7B%22color%22%3A%22%23ffffff%22%2C%22font-size%22%3A%2250px%22%2C%22line-height%22%3A%2260px%22%7D%7D&#8220;]<\/div><\/div><\/div><\/div><\/div><\/section><section class=\"l-section wpb_row us_custom_d353c498 height_medium\"><div class=\"l-section-h i-cf\"><div class=\"g-cols vc_row via_flex valign_top type_default stacking_default\"><div class=\"vc_col-sm-12 wpb_column vc_column_container\"><div class=\"vc_column-inner\"><div class=\"wpb_wrapper\"><div class=\"wpb_text_column\"><div class=\"wpb_wrapper\"><p class=\"vc_custom_heading us_custom_fe57e73b\">Unsere optischen Analyserplattformen basieren auf entwickelten und bew\u00e4hrten Komponenten und bieten damit eine robuste Grundlage f\u00fcr flexible und effiziente Experimente. Zu den wichtigsten Vorteilen z\u00e4hlen:<\/p>\n<\/div><\/div><div class=\"wpb_text_column\"><div class=\"wpb_wrapper\"><ul>\n<li><strong>Robuste und getestete Teile und Komponenten<\/strong> \u2013 Zuverl\u00e4ssigkeit, auf die Sie sich verlassen k\u00f6nnen.<\/li>\n<li><strong>Schnelle und kosteneffiziente Entwicklungszyklen<\/strong> \u2013 Innovationen beschleunigen, ohne Kompromisse bei der Qualit\u00e4t.<\/li>\n<li><strong>Bew\u00e4hrte Technologie<\/strong> \u2013 aufgebaut auf Komponenten mit erfolgreicher Historie.<\/li>\n<li><strong>Hoher Anpassungsgrad<\/strong> \u2013 ma\u00dfgeschneiderte L\u00f6sungen f\u00fcr spezifische experimentelle Anforderungen.<\/li>\n<\/ul>\n<\/div><\/div><\/div><\/div><\/div><\/div><\/div><\/section><section class=\"l-section wpb_row us_custom_d353c498 height_medium\"><div class=\"l-section-h i-cf\"><div class=\"g-cols vc_row via_flex valign_top type_default stacking_default\"><div class=\"vc_col-sm-6 wpb_column vc_column_container\"><div class=\"vc_column-inner\"><div class=\"wpb_wrapper\">[vc_custom_heading text=&#8220;Lumi Pro \u2013 \u201eDer Experte\u201c&#8220; use_theme_fonts=&#8220;yes&#8220; css=&#8220;%7B%22default%22%3A%7B%22margin-top%22%3A%22-15px%22%2C%22margin-bottom%22%3A%22-3px%22%7D%7D&#8220;]<div class=\"w-separator size_small\"><\/div><div class=\"w-image align_none\"><div class=\"w-image-h\"><img decoding=\"async\" width=\"1024\" height=\"312\" src=\"https:\/\/dg-technologies.de\/wp-content\/uploads\/2025\/09\/Lumi-Flex-Fluo-1024x312.png\" class=\"attachment-large size-large\" alt=\"\" loading=\"lazy\" srcset=\"https:\/\/dg-technologies.de\/wp-content\/uploads\/2025\/09\/Lumi-Flex-Fluo-1024x312.png 1024w, https:\/\/dg-technologies.de\/wp-content\/uploads\/2025\/09\/Lumi-Flex-Fluo-300x91.png 300w, https:\/\/dg-technologies.de\/wp-content\/uploads\/2025\/09\/Lumi-Flex-Fluo-600x183.png 600w, https:\/\/dg-technologies.de\/wp-content\/uploads\/2025\/09\/Lumi-Flex-Fluo-768x234.png 768w, https:\/\/dg-technologies.de\/wp-content\/uploads\/2025\/09\/Lumi-Flex-Fluo.png 1640w\" sizes=\"auto, (max-width: 1024px) 100vw, 1024px\" \/><\/div><\/div><div class=\"w-separator size_small\"><\/div><div class=\"wpb_text_column\"><div class=\"wpb_wrapper\"><p data-start=\"0\" data-end=\"293\">Die Plattform Lumi Pro, liebevoll <em>\u201eDer Experte\u201c<\/em> genannt, vereint Pr\u00e4zision, Flexibilit\u00e4t und Anpassungsf\u00e4higkeit in einer leistungsstarken L\u00f6sung. Ihre pr\u00e4zisen, variablen Scanbereiche gew\u00e4hrleisten genaue und reproduzierbare Messungen \u00fcber ein breites Spektrum von Experimenten hinweg.<\/p>\n<p data-start=\"295\" data-end=\"799\">Ein umfangreiches Portfolio an Detektionstechnologien \u2013 darunter <strong data-start=\"360\" data-end=\"370\">UV\/VIS<\/strong>, <strong data-start=\"372\" data-end=\"379\">NIR<\/strong>, <strong data-start=\"381\" data-end=\"389\">SERS<\/strong>, <strong data-start=\"391\" data-end=\"398\">UCP<\/strong> und <strong data-start=\"403\" data-end=\"418\">Fluoreszenz<\/strong> \u2013 l\u00e4sst sich nahtlos integrieren und bietet vielseitige analytische M\u00f6glichkeiten f\u00fcr Forschungs- und Industrieanwendungen. Ausgelegt f\u00fcr die Aufnahme mehrerer Verbrauchsmaterialformate passt sich Lumi Pro m\u00fchelos an unterschiedliche Workflows an, w\u00e4hrend vielf\u00e4ltige Konnektivit\u00e4tsoptionen eine reibungslose Integration in bestehende Labor- und Produktionsumgebungen erm\u00f6glichen.<\/p>\n<p data-start=\"295\" data-end=\"799\">Basierend auf bew\u00e4hrten, robusten Komponenten erlaubt die modulare Architektur schnelle und kosteneffiziente Entwicklungszyklen, ohne Kompromisse bei der Zuverl\u00e4ssigkeit einzugehen. Mit modernster Technologie und praxisnaher Vielseitigkeit wird Lumi Pro seinem Namen \u201eDer Experte\u201c in jeder Hinsicht gerecht \u2013 und unterst\u00fctzt Anwender dabei, Innovationen zu beschleunigen, neue M\u00f6glichkeiten zu erschlie\u00dfen und hochwertige Ergebnisse mit Vertrauen zu erzielen.<\/p>\n<\/div><\/div><div class=\"w-separator size_small\"><\/div><div class=\"w-btn-wrapper align_center\"><a class=\"w-btn us-btn-style_1\" target=\"_blank\" href=\"https:\/\/dg-technologies.de\/de\/lumi-pro\/\"><span class=\"w-btn-label\">Mehr Infos<\/span><\/a><\/div><\/div><\/div><\/div><div class=\"vc_col-sm-6 wpb_column vc_column_container\"><div class=\"vc_column-inner\"><div class=\"wpb_wrapper\">[vc_custom_heading text=&#8220;Lumi Go \u2013 \u201eDer Portable\u201c&#8220; use_theme_fonts=&#8220;yes&#8220; css=&#8220;%7B%22default%22%3A%7B%22margin-top%22%3A%22-15px%22%2C%22margin-bottom%22%3A%22-3px%22%7D%7D&#8220;]<div class=\"w-separator size_small\"><\/div><div class=\"w-image align_none\"><div class=\"w-image-h\"><img decoding=\"async\" width=\"1024\" height=\"312\" src=\"https:\/\/dg-technologies.de\/wp-content\/uploads\/2025\/03\/ESEQuant-Go-Vet-1024x312.png\" class=\"attachment-large size-large\" alt=\"\" loading=\"lazy\" srcset=\"https:\/\/dg-technologies.de\/wp-content\/uploads\/2025\/03\/ESEQuant-Go-Vet-1024x312.png 1024w, https:\/\/dg-technologies.de\/wp-content\/uploads\/2025\/03\/ESEQuant-Go-Vet-300x91.png 300w, https:\/\/dg-technologies.de\/wp-content\/uploads\/2025\/03\/ESEQuant-Go-Vet-600x183.png 600w, https:\/\/dg-technologies.de\/wp-content\/uploads\/2025\/03\/ESEQuant-Go-Vet-768x234.png 768w, https:\/\/dg-technologies.de\/wp-content\/uploads\/2025\/03\/ESEQuant-Go-Vet.png 1640w\" sizes=\"auto, (max-width: 1024px) 100vw, 1024px\" \/><\/div><\/div><div class=\"w-separator size_small\"><\/div><div class=\"wpb_text_column\"><div class=\"wpb_wrapper\"><p data-start=\"134\" data-end=\"487\">Dieses professionelle Ger\u00e4t, das wir liebevoll <em>\u201eDer Portable\u201c<\/em> nennen, vereint fortschrittliche optische Analyse in einem schlanken, kompakten Design, das nicht gr\u00f6\u00dfer als eine Kaffeetasse ist. Lumi Go kombiniert modernste Technologie mit hochwertigen Materialien und gew\u00e4hrleistet Langlebigkeit, Stil und Mobilit\u00e4t \u2013 \u00fcberall, wo Sie es ben\u00f6tigen.<\/p>\n<p data-start=\"489\" data-end=\"950\">Pr\u00e4zision steht bei \u201eDem Portablen\u201c im Mittelpunkt. Ausgestattet mit einer Industriekamera f\u00fcr hochgenaue Ergebnisse, Selbstkalibrierung f\u00fcr gleichbleibende Leistung und einer lichtgesch\u00fctzten Kammer liefert es verl\u00e4ssliche Messwerte in jeder Umgebung. Nahtlose Konnektivit\u00e4t \u00fcber Bluetooth und WLAN erm\u00f6glicht die einfache Verbindung mit Smartphones, Tablets oder Cloud-Systemen, w\u00e4hrend ein optionales Touch-Display die Bedienung noch komfortabler macht.<\/p>\n<p data-start=\"952\" data-end=\"1265\">F\u00fcr maximale Vielseitigkeit ist Lumi Go f\u00fcr eine breite Palette von Testkassettenformaten geeignet \u2013 sowohl f\u00fcr fluoreszenzbasierte als auch colorimetrische Messungen. Ob f\u00fcr professionelle Anwendungen oder den Heimgebrauch: <em>\u201eDer Portable\u201c <\/em>liefert jederzeit und \u00fcberall pr\u00e4zise und zuverl\u00e4ssige Ergebnisse.<\/p>\n<p data-start=\"952\" data-end=\"1265\">\n<\/div><\/div><div class=\"w-separator size_small\"><\/div><div class=\"w-btn-wrapper align_center\"><a class=\"w-btn us-btn-style_1\" target=\"_blank\" href=\"https:\/\/dg-technologies.de\/de\/lumi-go\/\"><span class=\"w-btn-label\">Mehr Infos<\/span><\/a><\/div><\/div><\/div><\/div><\/div><\/div><\/section><section class=\"l-section wpb_row us_custom_d353c498 height_medium color_primary\"><div class=\"l-section-overlay\" style=\"background:rgba(101,52,116,0.70)\"><\/div><div class=\"l-section-h i-cf\"><div class=\"g-cols vc_row via_flex valign_top type_default stacking_default\"><div class=\"vc_col-sm-12 wpb_column vc_column_container\"><div class=\"vc_column-inner\"><div class=\"wpb_wrapper\"><div class=\"g-cols wpb_row us_custom_3188818e via_flex valign_top type_default stacking_default\"><div class=\"vc_col-sm-8 wpb_column vc_column_container\"><div class=\"vc_column-inner\"><div class=\"wpb_wrapper\">[vc_custom_heading text=&#8220;Finden sie heraus, ob ihr Test kompatibel mit unseren Ger\u00e4ten ist&#8220; font_container=&#8220;tag:h3|text_align:right&#8220; use_theme_fonts=&#8220;yes&#8220; css=&#8220;%7B%22default%22%3A%7B%22color%22%3A%22%23ffffff%22%2C%22font-size%22%3A%2230px%22%2C%22line-height%22%3A%221.2%22%2C%22margin-top%22%3A%226px%22%7D%2C%22tablets%22%3A%7B%22color%22%3A%22%23ffffff%22%2C%22text-align%22%3A%22left%22%2C%22font-size%22%3A%2230px%22%2C%22line-height%22%3A%221.2%22%2C%22margin-top%22%3A%22-20px%22%2C%22margin-bottom%22%3A%22-10px%22%7D%2C%22mobiles%22%3A%7B%22color%22%3A%22%23ffffff%22%2C%22text-align%22%3A%22left%22%2C%22font-size%22%3A%2230px%22%2C%22line-height%22%3A%221.2%22%2C%22margin-top%22%3A%226px%22%2C%22margin-bottom%22%3A%22-10px%22%7D%7D&#8220;]<\/div><\/div><\/div><div class=\"vc_col-sm-4 wpb_column vc_column_container\"><div class=\"vc_column-inner\"><div class=\"wpb_wrapper\"><div class=\"w-btn-wrapper align_none\"><a class=\"w-btn us-btn-style_10 us_custom_db441812\" title=\"Pr\u00fcfe meinen Test\" href=\"https:\/\/dg-technologies.de\/de\/test-ueberpruefen\/\"><span class=\"w-btn-label\">Pr\u00fcfen Sie, ob ihr Test kompatibel ist<\/span><\/a><\/div><\/div><\/div><\/div><\/div><\/div><\/div><\/div><\/div><\/div><\/section><!-- Row Backgrounds --><div class=\"upb_bg_img\" data-ultimate-bg=\"url(https:\/\/dg-technologies.de\/wp-content\/uploads\/2020\/08\/Dialunox_Auswahl_23.jpg)\" data-image-id=\"id^7548|url^https:\/\/dg-technologies.de\/wp-content\/uploads\/sites\/25\/2020\/08\/Dialunox_Auswahl_23.jpg|caption^null|alt^null|title^Dialunox_Auswahl_23|description^null\" data-ultimate-bg-style=\"vcpb-vz-jquery\" data-bg-img-repeat=\"repeat\" data-bg-img-size=\"cover\" data-bg-img-position=\"\" data-parallx_sense=\"30\" data-bg-override=\"0\" data-bg_img_attach=\"scroll\" data-upb-overlay-color=\"\" data-upb-bg-animation=\"\" data-fadeout=\"\" data-bg-animation=\"left-animation\" data-bg-animation-type=\"h\" data-animation-repeat=\"repeat\" data-fadeout-percentage=\"30\" data-parallax-content=\"\" data-parallax-content-sense=\"30\" data-row-effect-mobile-disable=\"true\" data-img-parallax-mobile-disable=\"true\" data-rtl=\"false\"  data-custom-vc-row=\"\"  data-vc=\"8.7.2\"  data-is_old_vc=\"\"  data-theme-support=\"\"   data-overlay=\"false\" data-overlay-color=\"\" data-overlay-pattern=\"\" data-overlay-pattern-opacity=\"\" data-overlay-pattern-size=\"\"    ><\/div>\n","protected":false},"excerpt":{"rendered":"[vc_custom_heading text=\"Sehen Sie, was sich in der Entwicklungs-Pipeline befindet\" font_container=\"tag:h1|text_align:center\" use_theme_fonts=\"yes\" css=\"%7B%22default%22%3A%7B%22color%22%3A%22rgba%28255%2C255%2C255%2C0.70%29%22%2C%22font-size%22%3A%2220px%22%2C%22line-height%22%3A%2222px%22%2C%22margin-bottom%22%3A%2210px%22%7D%7D\"][vc_custom_heading text=\"Unsere Plattformen f\u00fcr optische Analysen\" font_container=\"tag:h2|text_align:center\" use_theme_fonts=\"yes\" css=\"%7B%22default%22%3A%7B%22color%22%3A%22%23ffffff%22%2C%22font-size%22%3A%2250px%22%2C%22line-height%22%3A%2260px%22%7D%7D\"]Unsere optischen Analyserplattformen basieren auf entwickelten und bew\u00e4hrten Komponenten und bieten damit eine robuste Grundlage f\u00fcr flexible und effiziente Experimente. Zu den wichtigsten Vorteilen z\u00e4hlen: Robuste und getestete Teile und Komponenten \u2013 Zuverl\u00e4ssigkeit, auf die Sie...","protected":false},"author":9,"featured_media":9949,"parent":0,"menu_order":0,"comment_status":"closed","ping_status":"closed","template":"","meta":{"footnotes":""},"class_list":["post-10461","page","type-page","status-publish","has-post-thumbnail","hentry"],"yoast_head":"<!-- This site is optimized with the Yoast SEO plugin v27.1.1 - https:\/\/yoast.com\/product\/yoast-seo-wordpress\/ -->\n<title>Plattformen f\u00fcr optische Analysen | dg technologies - Lateral Flow Reader<\/title>\n<meta name=\"description\" content=\"Unsere optischen Analyseplattformen bieten eine stabile Basis f\u00fcr vielseitige Experimente. Entdecken Sie, welche Entwicklungen derzeit in Arbeit sind.\" \/>\n<meta name=\"robots\" content=\"index, follow, max-snippet:-1, max-image-preview:large, max-video-preview:-1\" \/>\n<link rel=\"canonical\" href=\"https:\/\/dg-technologies.de\/de\/plattformen-fuer-optische-analysen\/\" \/>\n<meta property=\"og:locale\" content=\"de_DE\" \/>\n<meta property=\"og:type\" content=\"article\" \/>\n<meta property=\"og:title\" content=\"Plattformen f\u00fcr optische Analysen | dg technologies - Lateral Flow Reader\" \/>\n<meta property=\"og:description\" content=\"Unsere optischen Analyseplattformen bieten eine stabile Basis f\u00fcr vielseitige Experimente. Entdecken Sie, welche Entwicklungen derzeit in Arbeit sind.\" \/>\n<meta property=\"og:url\" content=\"https:\/\/dg-technologies.de\/de\/plattformen-fuer-optische-analysen\/\" \/>\n<meta property=\"og:site_name\" content=\"dg technologies - Lateral Flow Reader\" \/>\n<meta property=\"article:modified_time\" content=\"2026-03-02T12:21:57+00:00\" \/>\n<meta property=\"og:image\" content=\"https:\/\/dg-technologies.de\/wp-content\/uploads\/2025\/04\/231128_make_0151-scaled.jpg\" \/>\n\t<meta property=\"og:image:width\" content=\"2048\" \/>\n\t<meta property=\"og:image:height\" content=\"1366\" \/>\n\t<meta property=\"og:image:type\" content=\"image\/jpeg\" \/>\n<meta name=\"twitter:card\" content=\"summary_large_image\" \/>\n<meta name=\"twitter:label1\" content=\"Gesch\u00e4tzte Lesezeit\" \/>\n\t<meta name=\"twitter:data1\" content=\"3\u00a0Minuten\" \/>\n<script type=\"application\/ld+json\" class=\"yoast-schema-graph\">{\"@context\":\"https:\/\/schema.org\",\"@graph\":[{\"@type\":\"WebPage\",\"@id\":\"https:\/\/dg-technologies.de\/de\/plattformen-fuer-optische-analysen\/\",\"url\":\"https:\/\/dg-technologies.de\/de\/plattformen-fuer-optische-analysen\/\",\"name\":\"Plattformen f\u00fcr optische Analysen | dg technologies - Lateral Flow Reader\",\"isPartOf\":{\"@id\":\"https:\/\/dg-technologies.de\/de\/#website\"},\"primaryImageOfPage\":{\"@id\":\"https:\/\/dg-technologies.de\/de\/plattformen-fuer-optische-analysen\/#primaryimage\"},\"image\":{\"@id\":\"https:\/\/dg-technologies.de\/de\/plattformen-fuer-optische-analysen\/#primaryimage\"},\"thumbnailUrl\":\"https:\/\/dg-technologies.de\/wp-content\/uploads\/2025\/04\/231128_make_0151-scaled.jpg\",\"datePublished\":\"2025-10-02T11:00:13+00:00\",\"dateModified\":\"2026-03-02T12:21:57+00:00\",\"description\":\"Unsere optischen Analyseplattformen bieten eine stabile Basis f\u00fcr vielseitige Experimente. Entdecken Sie, welche Entwicklungen derzeit in Arbeit sind.\",\"breadcrumb\":{\"@id\":\"https:\/\/dg-technologies.de\/de\/plattformen-fuer-optische-analysen\/#breadcrumb\"},\"inLanguage\":\"de\",\"potentialAction\":[{\"@type\":\"ReadAction\",\"target\":[\"https:\/\/dg-technologies.de\/de\/plattformen-fuer-optische-analysen\/\"]}]},{\"@type\":\"ImageObject\",\"inLanguage\":\"de\",\"@id\":\"https:\/\/dg-technologies.de\/de\/plattformen-fuer-optische-analysen\/#primaryimage\",\"url\":\"https:\/\/dg-technologies.de\/wp-content\/uploads\/2025\/04\/231128_make_0151-scaled.jpg\",\"contentUrl\":\"https:\/\/dg-technologies.de\/wp-content\/uploads\/2025\/04\/231128_make_0151-scaled.jpg\",\"width\":2048,\"height\":1366},{\"@type\":\"BreadcrumbList\",\"@id\":\"https:\/\/dg-technologies.de\/de\/plattformen-fuer-optische-analysen\/#breadcrumb\",\"itemListElement\":[{\"@type\":\"ListItem\",\"position\":1,\"name\":\"Home\",\"item\":\"https:\/\/dg-technologies.de\/de\/\"},{\"@type\":\"ListItem\",\"position\":2,\"name\":\"Plattformen f\u00fcr optische Analysen\"}]},{\"@type\":\"WebSite\",\"@id\":\"https:\/\/dg-technologies.de\/de\/#website\",\"url\":\"https:\/\/dg-technologies.de\/de\/\",\"name\":\"dg technologies - Lateral Flow Reader\",\"description\":\"\",\"publisher\":{\"@id\":\"https:\/\/dg-technologies.de\/de\/#organization\"},\"potentialAction\":[{\"@type\":\"SearchAction\",\"target\":{\"@type\":\"EntryPoint\",\"urlTemplate\":\"https:\/\/dg-technologies.de\/de\/?s={search_term_string}\"},\"query-input\":{\"@type\":\"PropertyValueSpecification\",\"valueRequired\":true,\"valueName\":\"search_term_string\"}}],\"inLanguage\":\"de\"},{\"@type\":\"Organization\",\"@id\":\"https:\/\/dg-technologies.de\/de\/#organization\",\"name\":\"DIALUNOX GmbH\",\"url\":\"https:\/\/dg-technologies.de\/de\/\",\"logo\":{\"@type\":\"ImageObject\",\"inLanguage\":\"de\",\"@id\":\"https:\/\/dg-technologies.de\/de\/#\/schema\/logo\/image\/\",\"url\":\"https:\/\/dg-technologies.de\/wp-content\/uploads\/sites\/25\/2015\/12\/Qiagen_Logo.png\",\"contentUrl\":\"https:\/\/dg-technologies.de\/wp-content\/uploads\/sites\/25\/2015\/12\/Qiagen_Logo.png\",\"width\":710,\"height\":597,\"caption\":\"DIALUNOX GmbH\"},\"image\":{\"@id\":\"https:\/\/dg-technologies.de\/de\/#\/schema\/logo\/image\/\"}}]}<\/script>\n<!-- \/ Yoast SEO plugin. -->","yoast_head_json":{"title":"Plattformen f\u00fcr optische Analysen | dg technologies - Lateral Flow Reader","description":"Unsere optischen Analyseplattformen bieten eine stabile Basis f\u00fcr vielseitige Experimente. Entdecken Sie, welche Entwicklungen derzeit in Arbeit sind.","robots":{"index":"index","follow":"follow","max-snippet":"max-snippet:-1","max-image-preview":"max-image-preview:large","max-video-preview":"max-video-preview:-1"},"canonical":"https:\/\/dg-technologies.de\/de\/plattformen-fuer-optische-analysen\/","og_locale":"de_DE","og_type":"article","og_title":"Plattformen f\u00fcr optische Analysen | dg technologies - Lateral Flow Reader","og_description":"Unsere optischen Analyseplattformen bieten eine stabile Basis f\u00fcr vielseitige Experimente. Entdecken Sie, welche Entwicklungen derzeit in Arbeit sind.","og_url":"https:\/\/dg-technologies.de\/de\/plattformen-fuer-optische-analysen\/","og_site_name":"dg technologies - Lateral Flow Reader","article_modified_time":"2026-03-02T12:21:57+00:00","og_image":[{"width":2048,"height":1366,"url":"https:\/\/dg-technologies.de\/wp-content\/uploads\/2025\/04\/231128_make_0151-scaled.jpg","type":"image\/jpeg"}],"twitter_card":"summary_large_image","twitter_misc":{"Gesch\u00e4tzte Lesezeit":"3\u00a0Minuten"},"schema":{"@context":"https:\/\/schema.org","@graph":[{"@type":"WebPage","@id":"https:\/\/dg-technologies.de\/de\/plattformen-fuer-optische-analysen\/","url":"https:\/\/dg-technologies.de\/de\/plattformen-fuer-optische-analysen\/","name":"Plattformen f\u00fcr optische Analysen | dg technologies - Lateral Flow Reader","isPartOf":{"@id":"https:\/\/dg-technologies.de\/de\/#website"},"primaryImageOfPage":{"@id":"https:\/\/dg-technologies.de\/de\/plattformen-fuer-optische-analysen\/#primaryimage"},"image":{"@id":"https:\/\/dg-technologies.de\/de\/plattformen-fuer-optische-analysen\/#primaryimage"},"thumbnailUrl":"https:\/\/dg-technologies.de\/wp-content\/uploads\/2025\/04\/231128_make_0151-scaled.jpg","datePublished":"2025-10-02T11:00:13+00:00","dateModified":"2026-03-02T12:21:57+00:00","description":"Unsere optischen Analyseplattformen bieten eine stabile Basis f\u00fcr vielseitige Experimente. Entdecken Sie, welche Entwicklungen derzeit in Arbeit sind.","breadcrumb":{"@id":"https:\/\/dg-technologies.de\/de\/plattformen-fuer-optische-analysen\/#breadcrumb"},"inLanguage":"de","potentialAction":[{"@type":"ReadAction","target":["https:\/\/dg-technologies.de\/de\/plattformen-fuer-optische-analysen\/"]}]},{"@type":"ImageObject","inLanguage":"de","@id":"https:\/\/dg-technologies.de\/de\/plattformen-fuer-optische-analysen\/#primaryimage","url":"https:\/\/dg-technologies.de\/wp-content\/uploads\/2025\/04\/231128_make_0151-scaled.jpg","contentUrl":"https:\/\/dg-technologies.de\/wp-content\/uploads\/2025\/04\/231128_make_0151-scaled.jpg","width":2048,"height":1366},{"@type":"BreadcrumbList","@id":"https:\/\/dg-technologies.de\/de\/plattformen-fuer-optische-analysen\/#breadcrumb","itemListElement":[{"@type":"ListItem","position":1,"name":"Home","item":"https:\/\/dg-technologies.de\/de\/"},{"@type":"ListItem","position":2,"name":"Plattformen f\u00fcr optische Analysen"}]},{"@type":"WebSite","@id":"https:\/\/dg-technologies.de\/de\/#website","url":"https:\/\/dg-technologies.de\/de\/","name":"dg technologies - Lateral Flow Reader","description":"","publisher":{"@id":"https:\/\/dg-technologies.de\/de\/#organization"},"potentialAction":[{"@type":"SearchAction","target":{"@type":"EntryPoint","urlTemplate":"https:\/\/dg-technologies.de\/de\/?s={search_term_string}"},"query-input":{"@type":"PropertyValueSpecification","valueRequired":true,"valueName":"search_term_string"}}],"inLanguage":"de"},{"@type":"Organization","@id":"https:\/\/dg-technologies.de\/de\/#organization","name":"DIALUNOX GmbH","url":"https:\/\/dg-technologies.de\/de\/","logo":{"@type":"ImageObject","inLanguage":"de","@id":"https:\/\/dg-technologies.de\/de\/#\/schema\/logo\/image\/","url":"https:\/\/dg-technologies.de\/wp-content\/uploads\/sites\/25\/2015\/12\/Qiagen_Logo.png","contentUrl":"https:\/\/dg-technologies.de\/wp-content\/uploads\/sites\/25\/2015\/12\/Qiagen_Logo.png","width":710,"height":597,"caption":"DIALUNOX GmbH"},"image":{"@id":"https:\/\/dg-technologies.de\/de\/#\/schema\/logo\/image\/"}}]}},"_links":{"self":[{"href":"https:\/\/dg-technologies.de\/de\/wp-json\/wp\/v2\/pages\/10461","targetHints":{"allow":["GET"]}}],"collection":[{"href":"https:\/\/dg-technologies.de\/de\/wp-json\/wp\/v2\/pages"}],"about":[{"href":"https:\/\/dg-technologies.de\/de\/wp-json\/wp\/v2\/types\/page"}],"author":[{"embeddable":true,"href":"https:\/\/dg-technologies.de\/de\/wp-json\/wp\/v2\/users\/9"}],"replies":[{"embeddable":true,"href":"https:\/\/dg-technologies.de\/de\/wp-json\/wp\/v2\/comments?post=10461"}],"version-history":[{"count":31,"href":"https:\/\/dg-technologies.de\/de\/wp-json\/wp\/v2\/pages\/10461\/revisions"}],"predecessor-version":[{"id":11462,"href":"https:\/\/dg-technologies.de\/de\/wp-json\/wp\/v2\/pages\/10461\/revisions\/11462"}],"wp:featuredmedia":[{"embeddable":true,"href":"https:\/\/dg-technologies.de\/de\/wp-json\/wp\/v2\/media\/9949"}],"wp:attachment":[{"href":"https:\/\/dg-technologies.de\/de\/wp-json\/wp\/v2\/media?parent=10461"}],"curies":[{"name":"wp","href":"https:\/\/api.w.org\/{rel}","templated":true}]}}