{"id":10209,"date":"2025-04-30T17:40:33","date_gmt":"2025-04-30T16:40:33","guid":{"rendered":"https:\/\/dg-technologies.de\/test-ueberpruefen\/"},"modified":"2025-05-07T10:02:00","modified_gmt":"2025-05-07T09:02:00","slug":"test-ueberpruefen","status":"publish","type":"page","link":"https:\/\/dg-technologies.de\/de\/test-ueberpruefen\/","title":{"rendered":"Test \u00fcberpr\u00fcfen"},"content":{"rendered":"<section class=\"l-section wpb_row us_custom_d353c498 height_small with_img parallax_ver\"><div class=\"l-section-img\" role=\"img\" aria-label=\"Bild\" data-img-width=\"2560\" data-img-height=\"1708\" style=\"background-image: url(https:\/\/dg-technologies.de\/wp-content\/uploads\/2025\/05\/231128_make_0162-bearbeitet-scaled.jpg);background-position: bottom center;\"><\/div><div class=\"l-section-overlay\" style=\"background:rgba(101,52,116,0.70)\"><\/div><div class=\"l-section-h i-cf\"><div class=\"g-cols vc_row via_flex valign_top type_default stacking_default\"><div class=\"vc_col-sm-12 wpb_column vc_column_container\"><div class=\"vc_column-inner\"><div class=\"wpb_wrapper\">[vc_custom_heading text=&#8220;Ist Ihr Test mit unseren Readern kompatibel?&#8220; font_container=&#8220;tag:p|text_align:center&#8220; use_theme_fonts=&#8220;yes&#8220; css=&#8220;%7B%22default%22%3A%7B%22color%22%3A%22rgba(255%2C255%2C255%2C0.70)%22%2C%22margin-bottom%22%3A%22-25px%22%7D%7D&#8220;][vc_custom_heading text=&#8220;Test \u00fcberpr\u00fcfen&#8220; font_container=&#8220;tag:h1|text_align:center&#8220; use_theme_fonts=&#8220;yes&#8220; css=&#8220;%7B%22default%22%3A%7B%22color%22%3A%22%23ffffff%22%7D%7D&#8220;]<\/div><\/div><\/div><\/div><\/div><\/section><section class=\"l-section wpb_row height_large\"><div class=\"l-section-h i-cf\"><div class=\"g-cols vc_row via_flex valign_top type_default stacking_default\"><div class=\"vc_col-sm-12 wpb_column vc_column_container\"><div class=\"vc_column-inner\"><div class=\"wpb_wrapper\"><div class=\"g-cols wpb_row via_flex valign_top type_default stacking_default\"><div class=\"vc_col-sm-2 wpb_column vc_column_container\"><div class=\"vc_column-inner\"><div class=\"wpb_wrapper\"><\/div><\/div><\/div><div class=\"vc_col-sm-8 wpb_column vc_column_container\"><div class=\"vc_column-inner\"><div class=\"wpb_wrapper\"><div class=\"wpb_text_column us_custom_d353c498\"><div class=\"wpb_wrapper\"><p class=\"\" style=\"text-align: center;\" data-start=\"56\" data-end=\"396\">Senden Sie uns einfach ein Bild Ihres Tests und \u2013 falls verf\u00fcgbar \u2013 einige zus\u00e4tzliche Informationen. Anhand Ihrer Angaben k\u00f6nnen wir schnell feststellen, ob Ihr Test mit unseren Ger\u00e4ten kompatibel ist. Unsere Key Account Manager besprechen gerne die M\u00f6glichkeiten mit Ihnen und stellen Ihnen weiterf\u00fchrende Informationen zur Verf\u00fcgung.<\/p>\n<\/div><\/div><\/div><\/div><\/div><div class=\"vc_col-sm-2 wpb_column vc_column_container\"><div class=\"vc_column-inner\"><div class=\"wpb_wrapper\"><\/div><\/div><\/div><\/div><div class=\"w-separator size_small with_line width_default thick_1 style_solid color_border align_center\"><div class=\"w-separator-h\"><\/div><\/div><div class=\"ult-spacer spacer-69f70c7cc0a96\" data-id=\"69f70c7cc0a96\" data-height=\"25\" data-height-mobile=\"15\" data-height-tab=\"20\" data-height-tab-portrait=\"20\" data-height-mobile-landscape=\"15\" style=\"clear:both;display:block;\"><\/div><div class=\"g-cols wpb_row us_custom_d353c498 via_flex valign_top type_default stacking_default\" style=\"--additional-gap:10px;\"><div class=\"vc_col-sm-2 wpb_column vc_column_container\"><div class=\"vc_column-inner\"><div class=\"wpb_wrapper\"><\/div><\/div><\/div><div class=\"vc_col-sm-8 wpb_column vc_column_container\"><div class=\"vc_column-inner\"><div class=\"wpb_wrapper\"><div class=\"wpb_text_column us_custom_46b4c13c\"><div class=\"wpb_wrapper\"><form id=\"forminator-module-10205\" class=\"forminator-custom-form forminator-custom-form-10205\" method=\"post\" data-forminator-render=\"0\" data-uid=\"69f70c7cc1b88\"><div role=\"alert\" aria-live=\"polite\" class=\"forminator-response-message forminator-error\" aria-hidden=\"true\"><\/div><\/form>\n<\/div><\/div><div class=\"wpb_text_column\"><div class=\"wpb_wrapper\"><p style=\"text-align: left;\"><span style=\"color: #ff00f9;\">Bitte klicken Sie nur einmal auf den ABSENDEN-Button.<br \/>\n<\/span>Der Upload kann je nach Dateigr\u00f6\u00dfe einige Augenblicke in Anspruch nehmen.<\/p>\n<\/div><\/div><div class=\"wpb_text_column\"><div class=\"wpb_wrapper\"><p style=\"font-size: 0.7em; color: rgba(35,44,119,0.5); line-height: 1.1em;\">\u00a0dg technologies wird Ihre pers\u00f6nlichen Daten verwenden, um Kundenprofile in unserer Datenbank zu erweitern. Vorbehaltlich Ihrer oben gegebenen Zustimmung kann dg technologies Ihre pers\u00f6nlichen Daten au\u00dferdem f\u00fcr interne Gesch\u00e4fts- und Marketingzwecke nutzen. Die Informationen werden nicht an Dritte verkauft. dg technologies kann Ihre pers\u00f6nlichen Daten ausschlie\u00dflich zu Zwecken des Datenhostings und der E-Mail-Verteilung von dg technologies in unser CRM-System \u00fcbertragen. Sie k\u00f6nnen sich jederzeit abmelden, indem Sie uns eine E-Mail an <a href=\"&#109;&#97;&#x69;l&#116;&#x6f;&#x3a;i&#110;&#x66;&#x6f;&#64;&#100;&#x67;&#x2d;t&#101;&#x63;&#x68;n&#111;&#x6c;&#x6f;g&#105;&#x65;s&#46;&#100;&#x65;\" rel=\"noopener\" data-start=\"586\" data-end=\"609\">&#105;&#110;&#x66;o&#64;&#x64;&#x67;-&#116;&#x65;&#x63;h&#110;&#x6f;l&#111;&#x67;&#x69;e&#115;&#x2e;&#x64;e<\/a> senden. Ihre Daten werden in \u00dcbereinstimmung mit den geltenden Datenschutzgesetzen, einschlie\u00dflich der EU-Datenschutz-Grundverordnung (DSGVO), verarbeitet. Weitere Informationen entnehmen Sie bitte unserer <a href=\"https:\/\/dg-technologies.de\/de\/haftungsausschluss-und-datenschutzerklaerung\/\" target=\"_blank\" rel=\"noopener\">Datenschutzerkl\u00e4rung<\/a>. Wenn Sie in der EU wohnen und das K\u00e4stchen f\u00fcr den Kontakt ankreuzen, werden wir Sie nicht zu Marketingzwecken kontaktieren, es sei denn, Sie haben zuvor zugestimmt, Updates von dg technologies zu erhalten.<\/p>\n<\/div><\/div><\/div><\/div><\/div><div class=\"vc_col-sm-2 wpb_column vc_column_container\"><div class=\"vc_column-inner\"><div class=\"wpb_wrapper\"><\/div><\/div><\/div><\/div><\/div><\/div><\/div><\/div><\/div><\/section><section class=\"l-section wpb_row us_custom_d353c498 height_medium color_primary with_img\"><div class=\"l-section-img\" role=\"img\" aria-label=\"Bild\" data-img-width=\"1860\" data-img-height=\"1240\" style=\"background-image: url(https:\/\/dg-technologies.de\/wp-content\/uploads\/2020\/08\/Dialunox_Auswahl_22.jpg);background-repeat: no-repeat;\"><\/div><div class=\"l-section-overlay\" style=\"background:rgba(101,52,116,0.70)\"><\/div><div class=\"l-section-h i-cf\"><div class=\"g-cols vc_row via_flex valign_top type_default stacking_default\"><div class=\"vc_col-sm-8 wpb_column vc_column_container has_text_color\"><div class=\"vc_column-inner us_custom_6df4bc3a\"><div class=\"wpb_wrapper\">[vc_custom_heading text=&#8220;Gibt es etwas, das Sie wissen m\u00f6chten?&#8220; font_container=&#8220;tag:h3|font_size:35px|text_align:left|color:%23ffffff&#8220; use_theme_fonts=&#8220;yes&#8220; css=&#8220;%7B%22default%22%3A%7B%22margin-bottom%22%3A%221px%22%2C%22color%22%3A%22%23ffffff%22%2C%22font-size%22%3A%2235px%22%7D%7D&#8220;]<div class=\"wpb_text_column us_custom_921d6d04\"><div class=\"wpb_wrapper\"><p>Wenn Sie eine konkrete Frage haben, kontaktieren Sie uns bitte \u2013 wir helfen Ihnen gerne weiter.<\/p>\n<\/div><\/div><\/div><\/div><\/div><div class=\"vc_col-sm-4 wpb_column vc_column_container\"><div class=\"vc_column-inner\"><div class=\"wpb_wrapper\"><div class=\"w-btn-wrapper align_none\"><a class=\"w-btn us-btn-style_10 us_custom_f3fd74e3\" href=\"https:\/\/dg-technologies.de\/de\/kontakt\/\"><span class=\"w-btn-label\">Kontaktieren Sie uns<\/span><\/a><\/div><\/div><\/div><\/div><\/div><\/div><\/section><!-- Row Backgrounds --><div class=\"upb_bg_img\" data-ultimate-bg=\"url(https:\/\/dg-technologies.de\/wp-content\/uploads\/2020\/08\/Dialunox_Auswahl_20.jpg)\" data-image-id=\"id^7545|url^https:\/\/dg-technologies.de\/wp-content\/uploads\/sites\/25\/2020\/08\/Dialunox_Auswahl_20.jpg|caption^null|alt^null|title^Dialunox_Auswahl_20|description^null\" data-ultimate-bg-style=\"vcpb-vz-jquery\" data-bg-img-repeat=\"repeat\" data-bg-img-size=\"cover\" data-bg-img-position=\"\" data-parallx_sense=\"30\" data-bg-override=\"0\" data-bg_img_attach=\"scroll\" data-upb-overlay-color=\"\" data-upb-bg-animation=\"\" data-fadeout=\"\" data-bg-animation=\"left-animation\" data-bg-animation-type=\"h\" data-animation-repeat=\"repeat\" data-fadeout-percentage=\"30\" data-parallax-content=\"\" data-parallax-content-sense=\"30\" data-row-effect-mobile-disable=\"true\" data-img-parallax-mobile-disable=\"true\" data-rtl=\"false\"  data-custom-vc-row=\"\"  data-vc=\"8.7.2\"  data-is_old_vc=\"\"  data-theme-support=\"\"   data-overlay=\"false\" data-overlay-color=\"\" data-overlay-pattern=\"\" data-overlay-pattern-opacity=\"\" data-overlay-pattern-size=\"\"    ><\/div><section class=\"l-section wpb_row height_medium\"><div class=\"l-section-h i-cf\"><div class=\"g-cols vc_row via_flex valign_top type_default stacking_default\"><div class=\"vc_col-sm-12 wpb_column vc_column_container\"><div class=\"vc_column-inner\"><div class=\"wpb_wrapper\"><\/div><\/div><\/div><\/div><\/div><\/section>\n","protected":false},"excerpt":{"rendered":"[vc_custom_heading text=\"Ist Ihr Test mit unseren Readern kompatibel?\" font_container=\"tag:p|text_align:center\" use_theme_fonts=\"yes\" css=\"%7B%22default%22%3A%7B%22color%22%3A%22rgba(255%2C255%2C255%2C0.70)%22%2C%22margin-bottom%22%3A%22-25px%22%7D%7D\"][vc_custom_heading text=\"Test \u00fcberpr\u00fcfen\" font_container=\"tag:h1|text_align:center\" use_theme_fonts=\"yes\" css=\"%7B%22default%22%3A%7B%22color%22%3A%22%23ffffff%22%7D%7D\"]Senden Sie uns einfach ein Bild Ihres Tests und \u2013 falls verf\u00fcgbar \u2013 einige zus\u00e4tzliche Informationen. Anhand Ihrer Angaben k\u00f6nnen wir schnell feststellen, ob Ihr Test mit unseren Ger\u00e4ten kompatibel ist. Unsere Key Account Manager besprechen gerne die M\u00f6glichkeiten mit...","protected":false},"author":8,"featured_media":0,"parent":0,"menu_order":24,"comment_status":"closed","ping_status":"closed","template":"","meta":{"footnotes":""},"class_list":["post-10209","page","type-page","status-publish","hentry"],"yoast_head":"<!-- This site is optimized with the Yoast SEO plugin v27.5 - https:\/\/yoast.com\/product\/yoast-seo-wordpress\/ -->\n<title>Test \u00fcberpr\u00fcfen | dg technologies - Lateral Flow Reader<\/title>\n<meta name=\"description\" content=\"Sie sind sich nicht sicher, ob Ihr Test mit unseren Readern kompatibel ist? Senden Sie uns ein Foto und einige Details \u2013 wir pr\u00fcfen die Kompatibilit\u00e4t schnell und setzen uns umgehend mit Ihnen in Verbindung.\" \/>\n<meta name=\"robots\" content=\"index, follow, max-snippet:-1, max-image-preview:large, max-video-preview:-1\" \/>\n<link rel=\"canonical\" href=\"https:\/\/dg-technologies.de\/de\/test-ueberpruefen\/\" \/>\n<meta property=\"og:locale\" content=\"de_DE\" \/>\n<meta property=\"og:type\" content=\"article\" \/>\n<meta property=\"og:title\" content=\"Test \u00fcberpr\u00fcfen | dg technologies - Lateral Flow Reader\" \/>\n<meta property=\"og:description\" content=\"Sie sind sich nicht sicher, ob Ihr Test mit unseren Readern kompatibel ist? Senden Sie uns ein Foto und einige Details \u2013 wir pr\u00fcfen die Kompatibilit\u00e4t schnell und setzen uns umgehend mit Ihnen in Verbindung.\" \/>\n<meta property=\"og:url\" content=\"https:\/\/dg-technologies.de\/de\/test-ueberpruefen\/\" \/>\n<meta property=\"og:site_name\" content=\"dg technologies - Lateral Flow Reader\" \/>\n<meta property=\"article:modified_time\" content=\"2025-05-07T09:02:00+00:00\" \/>\n<meta name=\"twitter:card\" content=\"summary_large_image\" \/>\n<meta name=\"twitter:label1\" content=\"Gesch\u00e4tzte Lesezeit\" \/>\n\t<meta name=\"twitter:data1\" content=\"4\u00a0Minuten\" \/>\n<script type=\"application\/ld+json\" class=\"yoast-schema-graph\">{\"@context\":\"https:\\\/\\\/schema.org\",\"@graph\":[{\"@type\":\"WebPage\",\"@id\":\"https:\\\/\\\/dg-technologies.de\\\/de\\\/test-ueberpruefen\\\/\",\"url\":\"https:\\\/\\\/dg-technologies.de\\\/de\\\/test-ueberpruefen\\\/\",\"name\":\"Test \u00fcberpr\u00fcfen | dg technologies - Lateral Flow Reader\",\"isPartOf\":{\"@id\":\"https:\\\/\\\/dg-technologies.de\\\/de\\\/#website\"},\"datePublished\":\"2025-04-30T16:40:33+00:00\",\"dateModified\":\"2025-05-07T09:02:00+00:00\",\"description\":\"Sie sind sich nicht sicher, ob Ihr Test mit unseren Readern kompatibel ist? Senden Sie uns ein Foto und einige Details \u2013 wir pr\u00fcfen die Kompatibilit\u00e4t schnell und setzen uns umgehend mit Ihnen in Verbindung.\",\"breadcrumb\":{\"@id\":\"https:\\\/\\\/dg-technologies.de\\\/de\\\/test-ueberpruefen\\\/#breadcrumb\"},\"inLanguage\":\"de\",\"potentialAction\":[{\"@type\":\"ReadAction\",\"target\":[\"https:\\\/\\\/dg-technologies.de\\\/de\\\/test-ueberpruefen\\\/\"]}]},{\"@type\":\"BreadcrumbList\",\"@id\":\"https:\\\/\\\/dg-technologies.de\\\/de\\\/test-ueberpruefen\\\/#breadcrumb\",\"itemListElement\":[{\"@type\":\"ListItem\",\"position\":1,\"name\":\"Home\",\"item\":\"https:\\\/\\\/dg-technologies.de\\\/de\\\/\"},{\"@type\":\"ListItem\",\"position\":2,\"name\":\"Test \u00fcberpr\u00fcfen\"}]},{\"@type\":\"WebSite\",\"@id\":\"https:\\\/\\\/dg-technologies.de\\\/de\\\/#website\",\"url\":\"https:\\\/\\\/dg-technologies.de\\\/de\\\/\",\"name\":\"dg technologies - Lateral Flow Reader\",\"description\":\"\",\"publisher\":{\"@id\":\"https:\\\/\\\/dg-technologies.de\\\/de\\\/#organization\"},\"potentialAction\":[{\"@type\":\"SearchAction\",\"target\":{\"@type\":\"EntryPoint\",\"urlTemplate\":\"https:\\\/\\\/dg-technologies.de\\\/de\\\/?s={search_term_string}\"},\"query-input\":{\"@type\":\"PropertyValueSpecification\",\"valueRequired\":true,\"valueName\":\"search_term_string\"}}],\"inLanguage\":\"de\"},{\"@type\":\"Organization\",\"@id\":\"https:\\\/\\\/dg-technologies.de\\\/de\\\/#organization\",\"name\":\"DIALUNOX GmbH\",\"url\":\"https:\\\/\\\/dg-technologies.de\\\/de\\\/\",\"logo\":{\"@type\":\"ImageObject\",\"inLanguage\":\"de\",\"@id\":\"https:\\\/\\\/dg-technologies.de\\\/de\\\/#\\\/schema\\\/logo\\\/image\\\/\",\"url\":\"https:\\\/\\\/dg-technologies.de\\\/wp-content\\\/uploads\\\/sites\\\/25\\\/2015\\\/12\\\/Qiagen_Logo.png\",\"contentUrl\":\"https:\\\/\\\/dg-technologies.de\\\/wp-content\\\/uploads\\\/sites\\\/25\\\/2015\\\/12\\\/Qiagen_Logo.png\",\"width\":710,\"height\":597,\"caption\":\"DIALUNOX GmbH\"},\"image\":{\"@id\":\"https:\\\/\\\/dg-technologies.de\\\/de\\\/#\\\/schema\\\/logo\\\/image\\\/\"}}]}<\/script>\n<!-- \/ Yoast SEO plugin. -->","yoast_head_json":{"title":"Test \u00fcberpr\u00fcfen | dg technologies - Lateral Flow Reader","description":"Sie sind sich nicht sicher, ob Ihr Test mit unseren Readern kompatibel ist? Senden Sie uns ein Foto und einige Details \u2013 wir pr\u00fcfen die Kompatibilit\u00e4t schnell und setzen uns umgehend mit Ihnen in Verbindung.","robots":{"index":"index","follow":"follow","max-snippet":"max-snippet:-1","max-image-preview":"max-image-preview:large","max-video-preview":"max-video-preview:-1"},"canonical":"https:\/\/dg-technologies.de\/de\/test-ueberpruefen\/","og_locale":"de_DE","og_type":"article","og_title":"Test \u00fcberpr\u00fcfen | dg technologies - Lateral Flow Reader","og_description":"Sie sind sich nicht sicher, ob Ihr Test mit unseren Readern kompatibel ist? Senden Sie uns ein Foto und einige Details \u2013 wir pr\u00fcfen die Kompatibilit\u00e4t schnell und setzen uns umgehend mit Ihnen in Verbindung.","og_url":"https:\/\/dg-technologies.de\/de\/test-ueberpruefen\/","og_site_name":"dg technologies - Lateral Flow Reader","article_modified_time":"2025-05-07T09:02:00+00:00","twitter_card":"summary_large_image","twitter_misc":{"Gesch\u00e4tzte Lesezeit":"4\u00a0Minuten"},"schema":{"@context":"https:\/\/schema.org","@graph":[{"@type":"WebPage","@id":"https:\/\/dg-technologies.de\/de\/test-ueberpruefen\/","url":"https:\/\/dg-technologies.de\/de\/test-ueberpruefen\/","name":"Test \u00fcberpr\u00fcfen | dg technologies - Lateral Flow Reader","isPartOf":{"@id":"https:\/\/dg-technologies.de\/de\/#website"},"datePublished":"2025-04-30T16:40:33+00:00","dateModified":"2025-05-07T09:02:00+00:00","description":"Sie sind sich nicht sicher, ob Ihr Test mit unseren Readern kompatibel ist? Senden Sie uns ein Foto und einige Details \u2013 wir pr\u00fcfen die Kompatibilit\u00e4t schnell und setzen uns umgehend mit Ihnen in Verbindung.","breadcrumb":{"@id":"https:\/\/dg-technologies.de\/de\/test-ueberpruefen\/#breadcrumb"},"inLanguage":"de","potentialAction":[{"@type":"ReadAction","target":["https:\/\/dg-technologies.de\/de\/test-ueberpruefen\/"]}]},{"@type":"BreadcrumbList","@id":"https:\/\/dg-technologies.de\/de\/test-ueberpruefen\/#breadcrumb","itemListElement":[{"@type":"ListItem","position":1,"name":"Home","item":"https:\/\/dg-technologies.de\/de\/"},{"@type":"ListItem","position":2,"name":"Test \u00fcberpr\u00fcfen"}]},{"@type":"WebSite","@id":"https:\/\/dg-technologies.de\/de\/#website","url":"https:\/\/dg-technologies.de\/de\/","name":"dg technologies - Lateral Flow Reader","description":"","publisher":{"@id":"https:\/\/dg-technologies.de\/de\/#organization"},"potentialAction":[{"@type":"SearchAction","target":{"@type":"EntryPoint","urlTemplate":"https:\/\/dg-technologies.de\/de\/?s={search_term_string}"},"query-input":{"@type":"PropertyValueSpecification","valueRequired":true,"valueName":"search_term_string"}}],"inLanguage":"de"},{"@type":"Organization","@id":"https:\/\/dg-technologies.de\/de\/#organization","name":"DIALUNOX GmbH","url":"https:\/\/dg-technologies.de\/de\/","logo":{"@type":"ImageObject","inLanguage":"de","@id":"https:\/\/dg-technologies.de\/de\/#\/schema\/logo\/image\/","url":"https:\/\/dg-technologies.de\/wp-content\/uploads\/sites\/25\/2015\/12\/Qiagen_Logo.png","contentUrl":"https:\/\/dg-technologies.de\/wp-content\/uploads\/sites\/25\/2015\/12\/Qiagen_Logo.png","width":710,"height":597,"caption":"DIALUNOX GmbH"},"image":{"@id":"https:\/\/dg-technologies.de\/de\/#\/schema\/logo\/image\/"}}]}},"_links":{"self":[{"href":"https:\/\/dg-technologies.de\/de\/wp-json\/wp\/v2\/pages\/10209","targetHints":{"allow":["GET"]}}],"collection":[{"href":"https:\/\/dg-technologies.de\/de\/wp-json\/wp\/v2\/pages"}],"about":[{"href":"https:\/\/dg-technologies.de\/de\/wp-json\/wp\/v2\/types\/page"}],"author":[{"embeddable":true,"href":"https:\/\/dg-technologies.de\/de\/wp-json\/wp\/v2\/users\/8"}],"replies":[{"embeddable":true,"href":"https:\/\/dg-technologies.de\/de\/wp-json\/wp\/v2\/comments?post=10209"}],"version-history":[{"count":4,"href":"https:\/\/dg-technologies.de\/de\/wp-json\/wp\/v2\/pages\/10209\/revisions"}],"predecessor-version":[{"id":10296,"href":"https:\/\/dg-technologies.de\/de\/wp-json\/wp\/v2\/pages\/10209\/revisions\/10296"}],"wp:attachment":[{"href":"https:\/\/dg-technologies.de\/de\/wp-json\/wp\/v2\/media?parent=10209"}],"curies":[{"name":"wp","href":"https:\/\/api.w.org\/{rel}","templated":true}]}}