{"id":10155,"date":"2025-04-30T09:52:46","date_gmt":"2025-04-30T08:52:46","guid":{"rendered":"https:\/\/dg-technologies.de\/kontakt\/"},"modified":"2025-10-02T11:38:35","modified_gmt":"2025-10-02T10:38:35","slug":"kontakt","status":"publish","type":"page","link":"https:\/\/dg-technologies.de\/de\/kontakt\/","title":{"rendered":"Kontakt"},"content":{"rendered":"<section class=\"l-section wpb_row height_small with_img parallax_ver\"><div class=\"l-section-img\" role=\"img\" aria-label=\"Bild\" data-img-width=\"2000\" data-img-height=\"1333\" style=\"background-image: url(https:\/\/dg-technologies.de\/wp-content\/uploads\/2025\/03\/2147830011.jpg);background-position: top center;\"><\/div><div class=\"l-section-overlay\" style=\"background:rgba(101,52,116,0.70)\"><\/div><div class=\"l-section-h i-cf\"><div class=\"g-cols vc_row via_flex valign_top type_default stacking_default\"><div class=\"vc_col-sm-12 wpb_column vc_column_container\"><div class=\"vc_column-inner\"><div class=\"wpb_wrapper\">[vc_custom_heading text=&#8220;Kontakt&#8220; font_container=&#8220;tag:p|text_align:center&#8220; use_theme_fonts=&#8220;yes&#8220; css=&#8220;%7B%22default%22%3A%7B%22color%22%3A%22rgba%28255%2C255%2C255%2C0.70%29%22%2C%22font-family%22%3A%22Gilroy%20Bold%22%2C%22margin-bottom%22%3A%22-25px%22%7D%7D&#8220;][vc_custom_heading text=&#8220;Treten Sie mit uns in Kontakt&#8220; font_container=&#8220;tag:h1|text_align:center&#8220; use_theme_fonts=&#8220;yes&#8220; css=&#8220;%7B%22default%22%3A%7B%22color%22%3A%22%23ffffff%22%7D%7D&#8220;]<\/div><\/div><\/div><\/div><\/div><\/section><section class=\"l-section wpb_row us_custom_a6c06271 height_auto\"><div class=\"l-section-h i-cf\"><div class=\"g-cols vc_row via_flex valign_top type_default stacking_default\"><div class=\"vc_col-sm-12 wpb_column vc_column_container\"><div class=\"vc_column-inner\"><div class=\"wpb_wrapper\"><div class=\"g-cols wpb_row via_flex valign_top type_default stacking_default\"><div class=\"vc_col-sm-2 wpb_column vc_column_container\"><div class=\"vc_column-inner\"><div class=\"wpb_wrapper\"><\/div><\/div><\/div><div class=\"vc_col-sm-8 wpb_column vc_column_container\"><div class=\"vc_column-inner\"><div class=\"wpb_wrapper\"><div class=\"wpb_text_column\"><div class=\"wpb_wrapper\"><h3 style=\"text-align: center;\">Wir unterst\u00fctzen Sie vollst\u00e4ndig auf Ihrem Weg, Ihren eigenen Lateral-Flow-Leser zu entwickeln.<\/h3>\n<\/div><\/div><\/div><\/div><\/div><div class=\"vc_col-sm-2 wpb_column vc_column_container\"><div class=\"vc_column-inner\"><div class=\"wpb_wrapper\"><\/div><\/div><\/div><\/div><\/div><\/div><\/div><\/div><\/div><\/section><section class=\"l-section wpb_row us_custom_3e2e37c0 height_small\"><div class=\"l-section-h i-cf\"><div class=\"g-cols vc_row via_flex valign_top type_default stacking_default\"><div class=\"vc_col-sm-3 wpb_column vc_column_container\"><div class=\"vc_column-inner us_custom_08ae8efe\"><div class=\"wpb_wrapper\"><\/div><\/div><\/div><div class=\"vc_col-sm-6 wpb_column vc_column_container\"><div class=\"vc_column-inner\"><div class=\"wpb_wrapper\"><div class=\"g-cols wpb_row us_custom_6ebbcfda via_flex valign_bottom type_default stacking_default\"><div class=\"vc_col-sm-12 wpb_column vc_column_container\"><div class=\"vc_column-inner\"><div class=\"wpb_wrapper\">[vc_custom_heading text=&#8220;Dipl. Ing. Christian Fischer-Rasokat&#8220; font_container=&#8220;tag:h3|text_align:left&#8220; use_theme_fonts=&#8220;yes&#8220; css=&#8220;%7B%22default%22%3A%7B%22color%22%3A%22%23ffffff%22%2C%22position%22%3A%22relative%22%2C%22bottom%22%3A%2230px%22%7D%7D&#8220;][vc_custom_heading text=&#8220;Vertriebsleiter&#8220; font_container=&#8220;tag:h4|text_align:left|color:%23ffffff&#8220; use_theme_fonts=&#8220;yes&#8220; css=&#8220;%7B%22default%22%3A%7B%22color%22%3A%22rgba%28255%2C255%2C255%2C0.70%29%22%2C%22margin-top%22%3A%22-15px%22%2C%22position%22%3A%22relative%22%2C%22left%22%3A%22auto%22%2C%22top%22%3A%22auto%22%2C%22bottom%22%3A%2230px%22%2C%22right%22%3A%22auto%22%7D%7D&#8220;]<\/div><\/div><\/div><\/div><\/div><\/div><\/div><div class=\"vc_col-sm-3 wpb_column vc_column_container\"><div class=\"vc_column-inner\"><div class=\"wpb_wrapper\"><\/div><\/div><\/div><\/div><\/div><\/section><section class=\"l-section wpb_row us_custom_d353c498 height_auto\"><div class=\"l-section-h i-cf\"><div class=\"g-cols vc_row via_flex valign_top type_default stacking_default\"><div class=\"vc_col-sm-12 wpb_column vc_column_container\"><div class=\"vc_column-inner\"><div class=\"wpb_wrapper\"><div class=\"g-cols wpb_row us_custom_d353c498 via_flex valign_top type_default stacking_default\"><div class=\"vc_col-sm-2 wpb_column vc_column_container\"><div class=\"vc_column-inner\"><div class=\"wpb_wrapper\"><\/div><\/div><\/div><div class=\"vc_col-sm-8 wpb_column vc_column_container\"><div class=\"vc_column-inner\"><div class=\"wpb_wrapper\"><div class=\"wpb_text_column\"><div class=\"wpb_wrapper\"><form id=\"forminator-module-10154\" class=\"forminator-custom-form forminator-custom-form-10154\" method=\"post\" data-forminator-render=\"0\" data-uid=\"69f2771363c52\"><div role=\"alert\" aria-live=\"polite\" class=\"forminator-response-message forminator-error\" aria-hidden=\"true\"><\/div><\/form>\n<\/div><\/div><div class=\"wpb_text_column\"><div class=\"wpb_wrapper\"><p style=\"font-size: 0.7em; color: rgba(35,44,119,0.5); line-height: 1.1em;\">dg technologies wird Ihre pers\u00f6nlichen Daten verwenden, um Kundenprofile in unserer Datenbank zu erweitern. Vorbehaltlich Ihrer oben gegebenen Zustimmung kann dg technologies Ihre pers\u00f6nlichen Daten au\u00dferdem f\u00fcr interne Gesch\u00e4fts- und Marketingzwecke nutzen. Die Informationen werden nicht an Dritte verkauft. dg technologies kann Ihre pers\u00f6nlichen Daten ausschlie\u00dflich zu Zwecken des Datenhostings und der E-Mail-Verteilung von dg technologies in unser CRM-System \u00fcbertragen. Sie k\u00f6nnen sich jederzeit abmelden, indem Sie uns eine E-Mail an <a href=\"&#109;&#x61;&#105;&#x6c;t&#x6f;:&#105;&#x6e;&#102;&#x6f;&#64;&#x64;g&#x2d;t&#101;&#x63;&#104;&#x6e;o&#x6c;o&#x67;&#x69;&#101;&#x73;&#46;&#x64;e\" rel=\"noopener\" data-start=\"586\" data-end=\"609\">&#x69;&#x6e;&#x66;&#x6f;&#x40;&#100;&#103;&#45;&#116;ech&#x6e;&#x6f;&#x6c;&#x6f;&#x67;&#x69;&#101;&#115;&#46;de<\/a> senden. Ihre Daten werden in \u00dcbereinstimmung mit den geltenden Datenschutzgesetzen, einschlie\u00dflich der EU-Datenschutz-Grundverordnung (DSGVO), verarbeitet. Weitere Informationen entnehmen Sie bitte unserer <a href=\"https:\/\/dg-technologies.de\/de\/haftungsausschluss-und-datenschutzerklaerung\/\" target=\"_blank\" rel=\"noopener\">Datenschutzerkl\u00e4rung<\/a>. Wenn Sie in der EU wohnen und das K\u00e4stchen f\u00fcr den Kontakt ankreuzen, werden wir Sie nicht zu Marketingzwecken kontaktieren, es sei denn, Sie haben zuvor zugestimmt, Updates von dg technologies zu erhalten.<\/p>\n<\/div><\/div><\/div><\/div><\/div><div class=\"vc_col-sm-2 wpb_column vc_column_container\"><div class=\"vc_column-inner\"><div class=\"wpb_wrapper\"><\/div><\/div><\/div><\/div><div class=\"w-separator us_custom_bf81054c size_large with_line width_default thick_1 style_solid color_border align_center\"><div class=\"w-separator-h\"><\/div><\/div><div class=\"g-cols wpb_row us_custom_50cc7d67 via_flex valign_top type_default stacking_default\"><div class=\"vc_col-sm-4 wpb_column vc_column_container\"><div class=\"vc_column-inner\"><div class=\"wpb_wrapper\">[vc_custom_heading text=&#8220;Standort &#038; Kontakt&#8220; use_theme_fonts=&#8220;yes&#8220;]<\/div><\/div><\/div><div class=\"vc_col-sm-4 wpb_column vc_column_container\"><div class=\"vc_column-inner\"><div class=\"wpb_wrapper\"><div class=\"w-iconbox iconpos_left style_outlined color_primary align_left no_title\"><div class=\"w-iconbox-icon\" style=\"font-size:20px;\"><i class=\"fas fa-map-marker-alt\"><\/i><\/div><div class=\"w-iconbox-meta\"><div class=\"w-iconbox-text\"><p><span style=\"font-size: 18px;\"><strong>dg technologies GmbH<\/strong><br \/>\nBodenseeallee 20<br \/>\nD-78333 Stockach<br \/>\n<a href=\"https:\/\/www.dg-technologies.de\" target=\"_blank\" rel=\"noopener noreferrer\">www.dg-technologies.de<\/a><\/span><\/p>\n<\/div><\/div><\/div><\/div><\/div><\/div><div class=\"vc_col-sm-4 wpb_column vc_column_container\"><div class=\"vc_column-inner\"><div class=\"wpb_wrapper\"><div class=\"w-iconbox iconpos_left style_outlined color_primary align_left no_title\"><div class=\"w-iconbox-icon\" style=\"font-size:20px;\"><i class=\"fas fa-comment\"><\/i><\/div><div class=\"w-iconbox-meta\"><div class=\"w-iconbox-text\"><p><span style=\"font-size: 18px;\"><strong>B\u00fcrokontakt<\/strong><br \/>\n<strong>Telefon:<\/strong> +49 212 6457 479 81<br \/>\n<strong>Mo-Fr:<\/strong> 9:00-17:00 (MEZ)<br \/>\n<a href=\"&#109;&#x61;&#105;&#x6c;&#116;&#x6f;&#58;&#x73;&#97;&#x6c;&#101;&#x73;&#64;&#x64;&#103;&#x2d;&#116;&#x65;&#99;&#x68;&#110;&#x6f;&#108;&#x6f;&#103;&#x69;&#101;&#x73;&#46;&#x64;&#101;\">&#115;a&#108;e&#115;&#64;&#x64;g&#x2d;t&#x65;c&#x68;n&#x6f;l&#x6f;g&#x69;e&#x73;&#46;&#x64;e<\/a><\/span><\/p>\n<\/div><\/div><\/div><\/div><\/div><\/div><\/div><div class=\"w-separator us_custom_bf81054c size_small with_line width_default thick_1 style_solid color_border align_center\"><div class=\"w-separator-h\"><\/div><\/div><div class=\"g-cols wpb_row via_flex valign_top type_default stacking_default\"><div class=\"vc_col-sm-6 wpb_column vc_column_container\"><div class=\"vc_column-inner\"><div class=\"wpb_wrapper\"><div class=\"w-image align_center\"><div class=\"w-image-h\"><img decoding=\"async\" width=\"1772\" height=\"1181\" src=\"https:\/\/dg-technologies.de\/wp-content\/uploads\/2025\/03\/Karte-dgt-gros.png\" class=\"attachment-full size-full\" alt=\"\" loading=\"lazy\" srcset=\"https:\/\/dg-technologies.de\/wp-content\/uploads\/2025\/03\/Karte-dgt-gros.png 1772w, https:\/\/dg-technologies.de\/wp-content\/uploads\/2025\/03\/Karte-dgt-gros-300x200.png 300w, https:\/\/dg-technologies.de\/wp-content\/uploads\/2025\/03\/Karte-dgt-gros-1024x682.png 1024w, https:\/\/dg-technologies.de\/wp-content\/uploads\/2025\/03\/Karte-dgt-gros-600x400.png 600w, https:\/\/dg-technologies.de\/wp-content\/uploads\/2025\/03\/Karte-dgt-gros-768x512.png 768w\" sizes=\"auto, (max-width: 1772px) 100vw, 1772px\" \/><\/div><\/div><\/div><\/div><\/div><div class=\"vc_col-sm-6 wpb_column vc_column_container\"><div class=\"vc_column-inner\"><div class=\"wpb_wrapper\"><div class=\"w-image align_center\"><div class=\"w-image-h\"><img decoding=\"async\" width=\"1772\" height=\"1181\" src=\"https:\/\/dg-technologies.de\/wp-content\/uploads\/2025\/03\/Kopie-von-Karte-dgt-klein.png\" class=\"attachment-full size-full\" alt=\"\" loading=\"lazy\" srcset=\"https:\/\/dg-technologies.de\/wp-content\/uploads\/2025\/03\/Kopie-von-Karte-dgt-klein.png 1772w, https:\/\/dg-technologies.de\/wp-content\/uploads\/2025\/03\/Kopie-von-Karte-dgt-klein-300x200.png 300w, https:\/\/dg-technologies.de\/wp-content\/uploads\/2025\/03\/Kopie-von-Karte-dgt-klein-1024x682.png 1024w, https:\/\/dg-technologies.de\/wp-content\/uploads\/2025\/03\/Kopie-von-Karte-dgt-klein-600x400.png 600w, https:\/\/dg-technologies.de\/wp-content\/uploads\/2025\/03\/Kopie-von-Karte-dgt-klein-768x512.png 768w\" sizes=\"auto, (max-width: 1772px) 100vw, 1772px\" \/><\/div><\/div><\/div><\/div><\/div><\/div><div class=\"ult-spacer spacer-69f277136db79\" data-id=\"69f277136db79\" data-height=\"65\" data-height-mobile=\"65\" data-height-tab=\"65\" data-height-tab-portrait=\"\" data-height-mobile-landscape=\"\" style=\"clear:both;display:block;\"><\/div><\/div><\/div><\/div><\/div><\/div><\/section><section class=\"l-section wpb_row height_medium\"><div class=\"l-section-h i-cf\"><div class=\"g-cols vc_row via_flex valign_top type_default stacking_default\"><div class=\"vc_col-sm-12 wpb_column vc_column_container\"><div class=\"vc_column-inner\"><div class=\"wpb_wrapper\"><\/div><\/div><\/div><\/div><\/div><\/section>\n","protected":false},"excerpt":{"rendered":"[vc_custom_heading text=\"Kontakt\" font_container=\"tag:p|text_align:center\" use_theme_fonts=\"yes\" css=\"%7B%22default%22%3A%7B%22color%22%3A%22rgba%28255%2C255%2C255%2C0.70%29%22%2C%22font-family%22%3A%22Gilroy%20Bold%22%2C%22margin-bottom%22%3A%22-25px%22%7D%7D\"][vc_custom_heading text=\"Treten Sie mit uns in Kontakt\" font_container=\"tag:h1|text_align:center\" use_theme_fonts=\"yes\" css=\"%7B%22default%22%3A%7B%22color%22%3A%22%23ffffff%22%7D%7D\"]Wir unterst\u00fctzen Sie vollst\u00e4ndig auf Ihrem Weg, Ihren eigenen Lateral-Flow-Leser zu entwickeln. [vc_custom_heading text=\"Dipl. Ing. Christian Fischer-Rasokat\" font_container=\"tag:h3|text_align:left\" use_theme_fonts=\"yes\" css=\"%7B%22default%22%3A%7B%22color%22%3A%22%23ffffff%22%2C%22position%22%3A%22relative%22%2C%22bottom%22%3A%2230px%22%7D%7D\"][vc_custom_heading text=\"Vertriebsleiter\" font_container=\"tag:h4|text_align:left|color:%23ffffff\" use_theme_fonts=\"yes\" css=\"%7B%22default%22%3A%7B%22color%22%3A%22rgba%28255%2C255%2C255%2C0.70%29%22%2C%22margin-top%22%3A%22-15px%22%2C%22position%22%3A%22relative%22%2C%22left%22%3A%22auto%22%2C%22top%22%3A%22auto%22%2C%22bottom%22%3A%2230px%22%2C%22right%22%3A%22auto%22%7D%7D\"] dg technologies wird Ihre pers\u00f6nlichen Daten verwenden, um Kundenprofile in unserer Datenbank zu erweitern. Vorbehaltlich Ihrer oben gegebenen...","protected":false},"author":1,"featured_media":0,"parent":0,"menu_order":15,"comment_status":"closed","ping_status":"closed","template":"","meta":{"footnotes":""},"class_list":["post-10155","page","type-page","status-publish","hentry"],"yoast_head":"<!-- This site is optimized with the Yoast SEO plugin v27.5 - https:\/\/yoast.com\/product\/yoast-seo-wordpress\/ -->\n<title>Kontakt | dg technologies - Lateral Flow Reader<\/title>\n<meta name=\"description\" content=\"Wenn Sie Fragen zu Schnelltests am Point-of-Need haben, k\u00f6nnen Sie sich gerne an unser Vertriebsteam wenden.\" \/>\n<meta name=\"robots\" content=\"index, follow, max-snippet:-1, max-image-preview:large, max-video-preview:-1\" \/>\n<link rel=\"canonical\" href=\"https:\/\/dg-technologies.de\/de\/kontakt\/\" \/>\n<meta property=\"og:locale\" content=\"de_DE\" \/>\n<meta property=\"og:type\" content=\"article\" \/>\n<meta property=\"og:title\" content=\"Kontakt | dg technologies - Lateral Flow Reader\" \/>\n<meta property=\"og:description\" content=\"Wenn Sie Fragen zu Schnelltests am Point-of-Need haben, k\u00f6nnen Sie sich gerne an unser Vertriebsteam wenden.\" \/>\n<meta property=\"og:url\" content=\"https:\/\/dg-technologies.de\/de\/kontakt\/\" \/>\n<meta property=\"og:site_name\" content=\"dg technologies - Lateral Flow Reader\" \/>\n<meta property=\"article:modified_time\" content=\"2025-10-02T10:38:35+00:00\" \/>\n<meta name=\"twitter:card\" content=\"summary_large_image\" \/>\n<meta name=\"twitter:label1\" content=\"Gesch\u00e4tzte Lesezeit\" \/>\n\t<meta name=\"twitter:data1\" content=\"2\u00a0Minuten\" \/>\n<script type=\"application\/ld+json\" class=\"yoast-schema-graph\">{\"@context\":\"https:\\\/\\\/schema.org\",\"@graph\":[{\"@type\":\"WebPage\",\"@id\":\"https:\\\/\\\/dg-technologies.de\\\/de\\\/kontakt\\\/\",\"url\":\"https:\\\/\\\/dg-technologies.de\\\/de\\\/kontakt\\\/\",\"name\":\"Kontakt | dg technologies - Lateral Flow Reader\",\"isPartOf\":{\"@id\":\"https:\\\/\\\/dg-technologies.de\\\/de\\\/#website\"},\"datePublished\":\"2025-04-30T08:52:46+00:00\",\"dateModified\":\"2025-10-02T10:38:35+00:00\",\"description\":\"Wenn Sie Fragen zu Schnelltests am Point-of-Need haben, k\u00f6nnen Sie sich gerne an unser Vertriebsteam wenden.\",\"breadcrumb\":{\"@id\":\"https:\\\/\\\/dg-technologies.de\\\/de\\\/kontakt\\\/#breadcrumb\"},\"inLanguage\":\"de\",\"potentialAction\":[{\"@type\":\"ReadAction\",\"target\":[\"https:\\\/\\\/dg-technologies.de\\\/de\\\/kontakt\\\/\"]}]},{\"@type\":\"BreadcrumbList\",\"@id\":\"https:\\\/\\\/dg-technologies.de\\\/de\\\/kontakt\\\/#breadcrumb\",\"itemListElement\":[{\"@type\":\"ListItem\",\"position\":1,\"name\":\"Home\",\"item\":\"https:\\\/\\\/dg-technologies.de\\\/de\\\/\"},{\"@type\":\"ListItem\",\"position\":2,\"name\":\"Kontakt\"}]},{\"@type\":\"WebSite\",\"@id\":\"https:\\\/\\\/dg-technologies.de\\\/de\\\/#website\",\"url\":\"https:\\\/\\\/dg-technologies.de\\\/de\\\/\",\"name\":\"dg technologies - Lateral Flow Reader\",\"description\":\"\",\"publisher\":{\"@id\":\"https:\\\/\\\/dg-technologies.de\\\/de\\\/#organization\"},\"potentialAction\":[{\"@type\":\"SearchAction\",\"target\":{\"@type\":\"EntryPoint\",\"urlTemplate\":\"https:\\\/\\\/dg-technologies.de\\\/de\\\/?s={search_term_string}\"},\"query-input\":{\"@type\":\"PropertyValueSpecification\",\"valueRequired\":true,\"valueName\":\"search_term_string\"}}],\"inLanguage\":\"de\"},{\"@type\":\"Organization\",\"@id\":\"https:\\\/\\\/dg-technologies.de\\\/de\\\/#organization\",\"name\":\"DIALUNOX GmbH\",\"url\":\"https:\\\/\\\/dg-technologies.de\\\/de\\\/\",\"logo\":{\"@type\":\"ImageObject\",\"inLanguage\":\"de\",\"@id\":\"https:\\\/\\\/dg-technologies.de\\\/de\\\/#\\\/schema\\\/logo\\\/image\\\/\",\"url\":\"https:\\\/\\\/dg-technologies.de\\\/wp-content\\\/uploads\\\/sites\\\/25\\\/2015\\\/12\\\/Qiagen_Logo.png\",\"contentUrl\":\"https:\\\/\\\/dg-technologies.de\\\/wp-content\\\/uploads\\\/sites\\\/25\\\/2015\\\/12\\\/Qiagen_Logo.png\",\"width\":710,\"height\":597,\"caption\":\"DIALUNOX GmbH\"},\"image\":{\"@id\":\"https:\\\/\\\/dg-technologies.de\\\/de\\\/#\\\/schema\\\/logo\\\/image\\\/\"}}]}<\/script>\n<!-- \/ Yoast SEO plugin. -->","yoast_head_json":{"title":"Kontakt | dg technologies - Lateral Flow Reader","description":"Wenn Sie Fragen zu Schnelltests am Point-of-Need haben, k\u00f6nnen Sie sich gerne an unser Vertriebsteam wenden.","robots":{"index":"index","follow":"follow","max-snippet":"max-snippet:-1","max-image-preview":"max-image-preview:large","max-video-preview":"max-video-preview:-1"},"canonical":"https:\/\/dg-technologies.de\/de\/kontakt\/","og_locale":"de_DE","og_type":"article","og_title":"Kontakt | dg technologies - Lateral Flow Reader","og_description":"Wenn Sie Fragen zu Schnelltests am Point-of-Need haben, k\u00f6nnen Sie sich gerne an unser Vertriebsteam wenden.","og_url":"https:\/\/dg-technologies.de\/de\/kontakt\/","og_site_name":"dg technologies - Lateral Flow Reader","article_modified_time":"2025-10-02T10:38:35+00:00","twitter_card":"summary_large_image","twitter_misc":{"Gesch\u00e4tzte Lesezeit":"2\u00a0Minuten"},"schema":{"@context":"https:\/\/schema.org","@graph":[{"@type":"WebPage","@id":"https:\/\/dg-technologies.de\/de\/kontakt\/","url":"https:\/\/dg-technologies.de\/de\/kontakt\/","name":"Kontakt | dg technologies - Lateral Flow Reader","isPartOf":{"@id":"https:\/\/dg-technologies.de\/de\/#website"},"datePublished":"2025-04-30T08:52:46+00:00","dateModified":"2025-10-02T10:38:35+00:00","description":"Wenn Sie Fragen zu Schnelltests am Point-of-Need haben, k\u00f6nnen Sie sich gerne an unser Vertriebsteam wenden.","breadcrumb":{"@id":"https:\/\/dg-technologies.de\/de\/kontakt\/#breadcrumb"},"inLanguage":"de","potentialAction":[{"@type":"ReadAction","target":["https:\/\/dg-technologies.de\/de\/kontakt\/"]}]},{"@type":"BreadcrumbList","@id":"https:\/\/dg-technologies.de\/de\/kontakt\/#breadcrumb","itemListElement":[{"@type":"ListItem","position":1,"name":"Home","item":"https:\/\/dg-technologies.de\/de\/"},{"@type":"ListItem","position":2,"name":"Kontakt"}]},{"@type":"WebSite","@id":"https:\/\/dg-technologies.de\/de\/#website","url":"https:\/\/dg-technologies.de\/de\/","name":"dg technologies - Lateral Flow Reader","description":"","publisher":{"@id":"https:\/\/dg-technologies.de\/de\/#organization"},"potentialAction":[{"@type":"SearchAction","target":{"@type":"EntryPoint","urlTemplate":"https:\/\/dg-technologies.de\/de\/?s={search_term_string}"},"query-input":{"@type":"PropertyValueSpecification","valueRequired":true,"valueName":"search_term_string"}}],"inLanguage":"de"},{"@type":"Organization","@id":"https:\/\/dg-technologies.de\/de\/#organization","name":"DIALUNOX GmbH","url":"https:\/\/dg-technologies.de\/de\/","logo":{"@type":"ImageObject","inLanguage":"de","@id":"https:\/\/dg-technologies.de\/de\/#\/schema\/logo\/image\/","url":"https:\/\/dg-technologies.de\/wp-content\/uploads\/sites\/25\/2015\/12\/Qiagen_Logo.png","contentUrl":"https:\/\/dg-technologies.de\/wp-content\/uploads\/sites\/25\/2015\/12\/Qiagen_Logo.png","width":710,"height":597,"caption":"DIALUNOX GmbH"},"image":{"@id":"https:\/\/dg-technologies.de\/de\/#\/schema\/logo\/image\/"}}]}},"_links":{"self":[{"href":"https:\/\/dg-technologies.de\/de\/wp-json\/wp\/v2\/pages\/10155","targetHints":{"allow":["GET"]}}],"collection":[{"href":"https:\/\/dg-technologies.de\/de\/wp-json\/wp\/v2\/pages"}],"about":[{"href":"https:\/\/dg-technologies.de\/de\/wp-json\/wp\/v2\/types\/page"}],"author":[{"embeddable":true,"href":"https:\/\/dg-technologies.de\/de\/wp-json\/wp\/v2\/users\/1"}],"replies":[{"embeddable":true,"href":"https:\/\/dg-technologies.de\/de\/wp-json\/wp\/v2\/comments?post=10155"}],"version-history":[{"count":10,"href":"https:\/\/dg-technologies.de\/de\/wp-json\/wp\/v2\/pages\/10155\/revisions"}],"predecessor-version":[{"id":10824,"href":"https:\/\/dg-technologies.de\/de\/wp-json\/wp\/v2\/pages\/10155\/revisions\/10824"}],"wp:attachment":[{"href":"https:\/\/dg-technologies.de\/de\/wp-json\/wp\/v2\/media?parent=10155"}],"curies":[{"name":"wp","href":"https:\/\/api.w.org\/{rel}","templated":true}]}}