{"id":10148,"date":"2025-04-30T09:31:17","date_gmt":"2025-04-30T08:31:17","guid":{"rendered":"https:\/\/dg-technologies.de\/entwicklertools\/"},"modified":"2026-02-18T11:14:08","modified_gmt":"2026-02-18T10:14:08","slug":"entwicklertools","status":"publish","type":"page","link":"https:\/\/dg-technologies.de\/de\/entwicklertools\/","title":{"rendered":"Entwicklertools"},"content":{"rendered":"<section class=\"l-section wpb_row us_custom_d353c498 height_small with_img parallax_ver\"><div class=\"l-section-img\" role=\"img\" aria-label=\"Bild\" data-img-width=\"2560\" data-img-height=\"1707\" style=\"background-image: url(https:\/\/dg-technologies.de\/wp-content\/uploads\/2025\/04\/html-css-collage-concept-with-person-scaled.jpg);\"><\/div><div class=\"l-section-overlay\" style=\"background:rgba(101,52,116,0.70)\"><\/div><div class=\"l-section-h i-cf\"><div class=\"g-cols vc_row via_flex valign_top type_default stacking_default\"><div class=\"vc_col-sm-12 wpb_column vc_column_container\"><div class=\"vc_column-inner\"><div class=\"wpb_wrapper\">[vc_custom_heading text=&#8220;Eine neue Dimension in der Testentwicklung&#8220; font_container=&#8220;tag:p|text_align:center&#8220; use_theme_fonts=&#8220;yes&#8220; css=&#8220;%7B%22default%22%3A%7B%22color%22%3A%22rgba(255%2C255%2C255%2C0.70)%22%2C%22margin-bottom%22%3A%22-25px%22%7D%7D&#8220;][vc_custom_heading text=&#8220;Lateral Flow Studio Software&#8220; font_container=&#8220;tag:h1|text_align:center&#8220; use_theme_fonts=&#8220;yes&#8220; css=&#8220;%7B%22default%22%3A%7B%22color%22%3A%22%23ffffff%22%7D%7D&#8220;]<\/div><\/div><\/div><\/div><\/div><\/section><section class=\"l-section wpb_row us_custom_d353c498 height_large parallax_ver\"><div class=\"l-section-h i-cf\"><div class=\"g-cols vc_row via_flex valign_top type_default stacking_default\"><div class=\"vc_col-sm-12 wpb_column vc_column_container\"><div class=\"vc_column-inner\"><div class=\"wpb_wrapper\"><div class=\"g-cols wpb_row via_flex valign_top type_default stacking_default\"><div class=\"vc_col-sm-8 wpb_column vc_column_container\"><div class=\"vc_column-inner\"><div class=\"wpb_wrapper\"><div class=\"wpb_text_column\"><div class=\"wpb_wrapper\"><p>Die Lateral Flow Studio Software ist ein einzigartiges und umfassendes Werkzeug f\u00fcr die Entwicklung von Lateral-Flow-Tests, die mit unseren Lumi-Readern verarbeitet werden.<\/p>\n<\/div><\/div><\/div><\/div><\/div><div class=\"vc_col-sm-4 wpb_column vc_column_container\"><div class=\"vc_column-inner\"><div class=\"wpb_wrapper\"><\/div><\/div><\/div><\/div><div class=\"w-separator size_small with_line width_default thick_1 style_solid color_border align_center\"><div class=\"w-separator-h\"><\/div><\/div><\/div><\/div><\/div><div class=\"vc_col-sm-12 wpb_column vc_column_container\"><div class=\"vc_column-inner\"><div class=\"wpb_wrapper\"><div class=\"g-cols wpb_row via_flex valign_top type_default stacking_default\"><div class=\"vc_col-sm-8 wpb_column vc_column_container\"><div class=\"vc_column-inner\"><div class=\"wpb_wrapper\"><div class=\"w-slider style_none fit_scaledown nav_none count_3\"><div class=\"w-slider-h\" aria-hidden=\"true\"><div class=\"royalSlider\"><div class=\"rsContent\"><a class=\"rsImg\" data-rsw=\"1024\" data-rsh=\"1024\" href=\"https:\/\/dg-technologies.de\/wp-content\/plugins\/us-core\/assets\/images\/placeholder.svg\"><span data-alt=\"\"><\/span><\/a><\/div><div class=\"rsContent\"><a class=\"rsImg\" data-rsw=\"1024\" data-rsh=\"1024\" href=\"https:\/\/dg-technologies.de\/wp-content\/plugins\/us-core\/assets\/images\/placeholder.svg\"><span data-alt=\"\"><\/span><\/a><\/div><div class=\"rsContent\"><a class=\"rsImg\" data-rsw=\"1024\" data-rsh=\"1024\" href=\"https:\/\/dg-technologies.de\/wp-content\/plugins\/us-core\/assets\/images\/placeholder.svg\"><span data-alt=\"\"><\/span><\/a><\/div><\/div><img decoding=\"async\" src=\"https:\/\/dg-technologies.de\/wp-content\/plugins\/us-core\/assets\/images\/placeholder.svg\" width=\"1024\" height=\"1024\" alt loading=\"lazy\"><\/div><div class=\"w-slider-json\" onclick='return {&quot;autoScaleSlider&quot;:true,&quot;addActiveClass&quot;:true,&quot;loop&quot;:true,&quot;fadeInLoadedSlide&quot;:false,&quot;slidesSpacing&quot;:0,&quot;imageScalePadding&quot;:0,&quot;numImagesToPreload&quot;:2,&quot;arrowsNav&quot;:true,&quot;arrowsNavAutoHide&quot;:true,&quot;transitionType&quot;:&quot;move&quot;,&quot;transitionSpeed&quot;:250,&quot;block&quot;:{&quot;moveEffect&quot;:&quot;none&quot;,&quot;speed&quot;:300},&quot;thumbs&quot;:{&quot;fitInViewport&quot;:false,&quot;firstMargin&quot;:false,&quot;spacing&quot;:4},&quot;controlNavigation&quot;:&quot;none&quot;,&quot;autoplay&quot;:{&quot;enabled&quot;:true,&quot;pauseOnHover&quot;:true,&quot;delay&quot;:4000},&quot;fullscreen&quot;:{&quot;enabled&quot;:true},&quot;autoScaleSliderWidth&quot;:&quot;1024&quot;,&quot;autoScaleSliderHeight&quot;:&quot;1024&quot;}'><\/div><\/div><div class=\"w-separator size_custom\" style=\"height:32px\"><\/div><\/div><\/div><\/div><div class=\"vc_col-sm-4 wpb_column vc_column_container\"><div class=\"vc_column-inner\"><div class=\"wpb_wrapper\"><div class=\"wpb_text_column\"><div class=\"wpb_wrapper\"><p class=\"\" data-start=\"42\" data-end=\"227\">Dieses benutzerfreundliche All-in-One-System bietet einen beschleunigten Testentwicklungsprozess f\u00fcr die n\u00e4chste Generation von Lateral-Flow-Assays und senkt die Entwicklungskosten.<\/p>\n<p class=\"\" data-start=\"229\" data-end=\"476\">Die quantitative Entwicklung von Lateral-Flow-Tests beginnt mit dem Methodenersteller, der es Ihnen erm\u00f6glicht, Methodendateien zu erstellen, um Ihre Lateral-Flow-Assays zu lesen und zu interpretieren. Die Methoden enthalten Informationen wie:<\/p>\n<ul>\n<li data-start=\"480\" data-end=\"497\">Anzahl der Linien<\/li>\n<li data-start=\"500\" data-end=\"519\">Position der Linien<\/li>\n<li data-start=\"522\" data-end=\"542\">Signalinterpretation<\/li>\n<li data-start=\"545\" data-end=\"567\">Kalibrierungsparameter<\/li>\n<li data-start=\"570\" data-end=\"598\">Berechnung der Endergebnisse<\/li>\n<\/ul>\n<p class=\"\" data-start=\"600\" data-end=\"654\">Jede Testlinie kann unabh\u00e4ngig verarbeitet werden.<\/p>\n<\/div><\/div><\/div><\/div><\/div><\/div><div class=\"w-separator size_custom\" style=\"height:32px\"><\/div><div class=\"g-cols wpb_row via_flex valign_top type_default stacking_default\"><div class=\"vc_col-sm-8 wpb_column vc_column_container\"><div class=\"vc_column-inner\"><div class=\"wpb_wrapper\"><div class=\"wpb_text_column\"><div class=\"wpb_wrapper\"><p>Der n\u00e4chste Schritt besteht darin, den Algorithmus auszuw\u00e4hlen, der am besten zu den Rohdaten Ihres Assays passt. Die Lateral Flow Studio Software erm\u00f6glicht es auch, die Rohdaten mit verschiedenen Einstellungen neu zu berechnen, um die Ergebnisse zu optimieren.<\/p>\n<\/div><\/div><\/div><\/div><\/div><div class=\"vc_col-sm-4 wpb_column vc_column_container\"><div class=\"vc_column-inner\"><div class=\"wpb_wrapper\"><\/div><\/div><\/div><\/div><\/div><\/div><\/div><\/div><\/div><\/section><section class=\"l-section wpb_row us_custom_c9e25fc7 height_large\"><div class=\"l-section-overlay\" style=\"background:linear-gradient(360deg, #ffffff 0%,rgba(101,52,116,1.0) 100%)\"><\/div><div class=\"l-section-h i-cf\"><div class=\"g-cols vc_row via_flex valign_top type_default stacking_default\"><div class=\"vc_col-sm-12 wpb_column vc_column_container\"><div class=\"vc_column-inner\"><div class=\"wpb_wrapper\">[vc_custom_heading text=&#8220;Imaging Studio Software&#8220; font_container=&#8220;tag:h2|text_align:left|color:%23FFFFFF&#8220; use_theme_fonts=&#8220;yes&#8220;][vc_custom_heading text=&#8220;Vorverarbeitung von Rohbildern zu quantifizierbaren Daten&#8220; font_container=&#8220;tag:h3|text_align:left|color:%23FFFFFF&#8220; use_theme_fonts=&#8220;yes&#8220;]<div class=\"g-cols wpb_row via_flex valign_top type_default stacking_default\"><div class=\"vc_col-sm-10 wpb_column vc_column_container\"><div class=\"vc_column-inner\"><div class=\"wpb_wrapper\"><div class=\"wpb_text_column us_custom_fa2e29ca has_text_color\"><div class=\"wpb_wrapper\"><p data-start=\"0\" data-end=\"215\">Die Imaging Studio Software ist der Ausgangspunkt f\u00fcr die Testintegration auf unseren kamerabasierten Systemen <strong>Lumi Flex und Lumi Go<\/strong>. Ein leistungsstarkes Tool zur Extraktion der Region of Interest aus Ihrem Bild.<\/p>\n<p data-start=\"217\" data-end=\"486\" data-is-last-node=\"\" data-is-only-node=\"\">In nur drei einfachen Schritten wird die Definition erstellt, um Kassetten zu erkennen, die zu analysierenden Bereiche auf dem Testarray festzulegen und den optimalen Quantifizierungsalgorithmus zur Zusammenfassung des Signals eines Testbands oder -punkts zu bestimmen.<\/p>\n<\/div><\/div><\/div><\/div><\/div><div class=\"vc_col-sm-2 wpb_column vc_column_container\"><div class=\"vc_column-inner\"><div class=\"wpb_wrapper\"><\/div><\/div><\/div><\/div><div class=\"w-separator size_small with_line width_default thick_1 style_solid color_border align_center\"><div class=\"w-separator-h\"><\/div><\/div><\/div><\/div><\/div><div class=\"vc_col-sm-12 wpb_column vc_column_container\"><div class=\"vc_column-inner\"><div class=\"wpb_wrapper\"><div class=\"w-separator size_custom\" style=\"height:32px\"><\/div><div class=\"g-cols wpb_row via_flex valign_top type_default stacking_default\"><div class=\"vc_col-sm-4 wpb_column vc_column_container\"><div class=\"vc_column-inner\"><div class=\"wpb_wrapper\"><div class=\"w-image align_none\"><div class=\"w-image-h\"><img decoding=\"async\" width=\"300\" height=\"179\" src=\"https:\/\/dg-technologies.de\/wp-content\/uploads\/2025\/04\/Step-1-software.png\" class=\"attachment-large size-large\" alt=\"\" loading=\"lazy\" \/><\/div><\/div><div class=\"w-separator size_small\"><\/div><div class=\"w-image us_custom_d353c498 align_none\"><a ref=\"magnificPopup\" href=\"https:\/\/dg-technologies.de\/wp-content\/uploads\/2019\/04\/imaging-software01.jpg\" aria-label=\"imaging-software01\" class=\"w-image-h\"><img decoding=\"async\" width=\"734\" height=\"390\" src=\"https:\/\/dg-technologies.de\/wp-content\/uploads\/2019\/04\/imaging-software01.jpg\" class=\"attachment-large size-large\" alt=\"\" loading=\"lazy\" \/><\/a><\/div><div class=\"w-separator size_small\"><\/div><div class=\"wpb_text_column us_custom_4fa74422 has_text_color\"><div class=\"wpb_wrapper\"><p>Definieren Sie die \u00e4u\u00dferen Kassettendimensionen, um das Objekt zu erkennen.<\/p>\n<\/div><\/div><\/div><\/div><\/div><div class=\"vc_col-sm-4 wpb_column vc_column_container\"><div class=\"vc_column-inner\"><div class=\"wpb_wrapper\"><div class=\"w-image align_none\"><div class=\"w-image-h\"><img decoding=\"async\" width=\"300\" height=\"179\" src=\"https:\/\/dg-technologies.de\/wp-content\/uploads\/2025\/04\/Step-2-software.png\" class=\"attachment-large size-large\" alt=\"\" loading=\"lazy\" \/><\/div><\/div><div class=\"w-separator size_small\"><\/div><div class=\"w-image align_none\"><a ref=\"magnificPopup\" href=\"https:\/\/dg-technologies.de\/wp-content\/uploads\/2019\/04\/imaging-software02.jpg\" aria-label=\"imaging-software02\" class=\"w-image-h\"><img decoding=\"async\" width=\"734\" height=\"390\" src=\"https:\/\/dg-technologies.de\/wp-content\/uploads\/2019\/04\/imaging-software02.jpg\" class=\"attachment-large size-large\" alt=\"\" loading=\"lazy\" \/><\/a><\/div><div class=\"w-separator size_small\"><\/div><div class=\"wpb_text_column us_custom_7c32c266\"><div class=\"wpb_wrapper\"><p>Definieren Sie Ihre Interessensgebiete: Hier befinden sich Ihre Testb\u00e4nder. Es stehen mehrere Optionen zur Auswahl, um die Homogenit\u00e4t Ihrer Testb\u00e4nder zu bewerten.<\/p>\n<\/div><\/div><\/div><\/div><\/div><div class=\"vc_col-sm-4 wpb_column vc_column_container\"><div class=\"vc_column-inner\"><div class=\"wpb_wrapper\"><div class=\"w-image align_none\"><div class=\"w-image-h\"><img decoding=\"async\" width=\"300\" height=\"179\" src=\"https:\/\/dg-technologies.de\/wp-content\/uploads\/2025\/04\/Step-3-software.png\" class=\"attachment-large size-large\" alt=\"\" loading=\"lazy\" \/><\/div><\/div><div class=\"w-separator size_small\"><\/div><div class=\"w-image align_none\"><a ref=\"magnificPopup\" href=\"https:\/\/dg-technologies.de\/wp-content\/uploads\/2019\/04\/imaging-software03.jpg\" aria-label=\"imaging-software03\" class=\"w-image-h\"><img decoding=\"async\" width=\"734\" height=\"390\" src=\"https:\/\/dg-technologies.de\/wp-content\/uploads\/2019\/04\/imaging-software03.jpg\" class=\"attachment-large size-large\" alt=\"\" loading=\"lazy\" \/><\/a><\/div><div class=\"w-separator size_small\"><\/div><div class=\"wpb_text_column us_custom_7c32c266\"><div class=\"wpb_wrapper\"><p>Extrahieren Sie Ihr Peak-Profil aus Bilddaten. Quantifizieren Sie die Peaks mit der Studio-Software.<\/p>\n<\/div><\/div><\/div><\/div><\/div><\/div><\/div><\/div><\/div><\/div><\/div><\/section><section class=\"l-section wpb_row height_medium color_primary with_img\"><div class=\"l-section-img\" role=\"img\" aria-label=\"Bild\" data-img-width=\"1584\" data-img-height=\"396\" style=\"background-image: url(https:\/\/dg-technologies.de\/wp-content\/uploads\/2025\/03\/Lateral-Flow-Familiy-Header.png);background-position: center left;background-repeat: no-repeat;\"><\/div><div class=\"l-section-overlay\" style=\"background:rgba(101,52,116,0.70)\"><\/div><div class=\"l-section-h i-cf\"><div class=\"g-cols vc_row via_flex valign_top type_default stacking_default\"><div class=\"vc_col-sm-8 wpb_column vc_column_container\"><div class=\"vc_column-inner\"><div class=\"wpb_wrapper\">[vc_custom_heading text=&#8220;M\u00f6chten Sie mehr \u00fcber Ihre Entwicklungsm\u00f6glichkeiten erfahren?&#8220; font_container=&#8220;tag:h2|text_align:center&#8220; use_theme_fonts=&#8220;yes&#8220; css=&#8220;%7B%22default%22%3A%7B%22color%22%3A%22%23ffffff%22%2C%22font-size%22%3A%2235px%22%2C%22max-width%22%3A%22700px%22%2C%22margin-bottom%22%3A%226px%22%7D%2C%22laptops%22%3A%7B%22color%22%3A%22%22%2C%22font-size%22%3A%22%22%7D%2C%22tablets%22%3A%7B%22color%22%3A%22%23ffffff%22%2C%22font-size%22%3A%2235px%22%7D%2C%22mobiles%22%3A%7B%22color%22%3A%22%23ffffff%22%2C%22font-size%22%3A%2224px%22%7D%7D&#8220;]<\/div><\/div><\/div><div class=\"vc_col-sm-4 wpb_column vc_column_container\"><div class=\"vc_column-inner\"><div class=\"wpb_wrapper\"><div class=\"w-separator size_small\"><\/div><div class=\"w-btn-wrapper align_center\"><a class=\"w-btn us-btn-style_10 us_custom_db441812\" title=\"Kontakt\" href=\"https:\/\/dg-technologies.de\/de\/kontakt\/\"><span class=\"w-btn-label\">Nehmen Sie mit uns Kontakt auf<\/span><\/a><\/div><\/div><\/div><\/div><\/div><\/div><\/section>\n","protected":false},"excerpt":{"rendered":"[vc_custom_heading text=\"Eine neue Dimension in der Testentwicklung\" font_container=\"tag:p|text_align:center\" use_theme_fonts=\"yes\" css=\"%7B%22default%22%3A%7B%22color%22%3A%22rgba(255%2C255%2C255%2C0.70)%22%2C%22margin-bottom%22%3A%22-25px%22%7D%7D\"][vc_custom_heading text=\"Lateral Flow Studio Software\" font_container=\"tag:h1|text_align:center\" use_theme_fonts=\"yes\" css=\"%7B%22default%22%3A%7B%22color%22%3A%22%23ffffff%22%7D%7D\"]Die Lateral Flow Studio Software ist ein einzigartiges und umfassendes Werkzeug f\u00fcr die Entwicklung von Lateral-Flow-Tests, die mit unseren Lumi-Readern verarbeitet werden. Dieses benutzerfreundliche All-in-One-System bietet einen beschleunigten Testentwicklungsprozess f\u00fcr die n\u00e4chste Generation von Lateral-Flow-Assays und senkt die Entwicklungskosten....","protected":false},"author":8,"featured_media":10268,"parent":0,"menu_order":7,"comment_status":"closed","ping_status":"closed","template":"","meta":{"footnotes":""},"class_list":["post-10148","page","type-page","status-publish","has-post-thumbnail","hentry"],"yoast_head":"<!-- This site is optimized with the Yoast SEO plugin v27.1.1 - https:\/\/yoast.com\/product\/yoast-seo-wordpress\/ -->\n<title>Quantitative Schnelltestentwicklung | dg technologies - Lateral Flow Reader<\/title>\n<meta name=\"description\" content=\"Die Lateral Flow Studio Software ist ein einzigartiges, umfassendes Tool zur Entwicklung von Schnelltests, die von unseren Lumi-Leseger\u00e4ten verarbeitet werden.\" \/>\n<meta name=\"robots\" content=\"index, follow, max-snippet:-1, max-image-preview:large, max-video-preview:-1\" \/>\n<link rel=\"canonical\" href=\"https:\/\/dg-technologies.de\/de\/entwicklertools\/\" \/>\n<meta property=\"og:locale\" content=\"de_DE\" \/>\n<meta property=\"og:type\" content=\"article\" \/>\n<meta property=\"og:title\" content=\"Quantitative Schnelltestentwicklung | dg technologies - Lateral Flow Reader\" \/>\n<meta property=\"og:description\" content=\"Die Lateral Flow Studio Software ist ein einzigartiges, umfassendes Tool zur Entwicklung von Schnelltests, die von unseren Lumi-Leseger\u00e4ten verarbeitet werden.\" \/>\n<meta property=\"og:url\" content=\"https:\/\/dg-technologies.de\/de\/entwicklertools\/\" \/>\n<meta property=\"og:site_name\" content=\"dg technologies - Lateral Flow Reader\" \/>\n<meta property=\"article:modified_time\" content=\"2026-02-18T10:14:08+00:00\" \/>\n<meta property=\"og:image\" content=\"https:\/\/dg-technologies.de\/wp-content\/uploads\/2019\/03\/software.jpg\" \/>\n\t<meta property=\"og:image:width\" content=\"600\" \/>\n\t<meta property=\"og:image:height\" content=\"442\" \/>\n\t<meta property=\"og:image:type\" content=\"image\/jpeg\" \/>\n<meta name=\"twitter:card\" content=\"summary_large_image\" \/>\n<meta name=\"twitter:label1\" content=\"Gesch\u00e4tzte Lesezeit\" \/>\n\t<meta name=\"twitter:data1\" content=\"2\u00a0Minuten\" \/>\n<script type=\"application\/ld+json\" class=\"yoast-schema-graph\">{\"@context\":\"https:\/\/schema.org\",\"@graph\":[{\"@type\":\"WebPage\",\"@id\":\"https:\/\/dg-technologies.de\/de\/entwicklertools\/\",\"url\":\"https:\/\/dg-technologies.de\/de\/entwicklertools\/\",\"name\":\"Quantitative Schnelltestentwicklung | dg technologies - Lateral Flow Reader\",\"isPartOf\":{\"@id\":\"https:\/\/dg-technologies.de\/de\/#website\"},\"primaryImageOfPage\":{\"@id\":\"https:\/\/dg-technologies.de\/de\/entwicklertools\/#primaryimage\"},\"image\":{\"@id\":\"https:\/\/dg-technologies.de\/de\/entwicklertools\/#primaryimage\"},\"thumbnailUrl\":\"https:\/\/dg-technologies.de\/wp-content\/uploads\/2019\/03\/software.jpg\",\"datePublished\":\"2025-04-30T08:31:17+00:00\",\"dateModified\":\"2026-02-18T10:14:08+00:00\",\"description\":\"Die Lateral Flow Studio Software ist ein einzigartiges, umfassendes Tool zur Entwicklung von Schnelltests, die von unseren Lumi-Leseger\u00e4ten verarbeitet werden.\",\"breadcrumb\":{\"@id\":\"https:\/\/dg-technologies.de\/de\/entwicklertools\/#breadcrumb\"},\"inLanguage\":\"de\",\"potentialAction\":[{\"@type\":\"ReadAction\",\"target\":[\"https:\/\/dg-technologies.de\/de\/entwicklertools\/\"]}]},{\"@type\":\"ImageObject\",\"inLanguage\":\"de\",\"@id\":\"https:\/\/dg-technologies.de\/de\/entwicklertools\/#primaryimage\",\"url\":\"https:\/\/dg-technologies.de\/wp-content\/uploads\/2019\/03\/software.jpg\",\"contentUrl\":\"https:\/\/dg-technologies.de\/wp-content\/uploads\/2019\/03\/software.jpg\",\"width\":600,\"height\":442},{\"@type\":\"BreadcrumbList\",\"@id\":\"https:\/\/dg-technologies.de\/de\/entwicklertools\/#breadcrumb\",\"itemListElement\":[{\"@type\":\"ListItem\",\"position\":1,\"name\":\"Home\",\"item\":\"https:\/\/dg-technologies.de\/de\/\"},{\"@type\":\"ListItem\",\"position\":2,\"name\":\"Entwicklertools\"}]},{\"@type\":\"WebSite\",\"@id\":\"https:\/\/dg-technologies.de\/de\/#website\",\"url\":\"https:\/\/dg-technologies.de\/de\/\",\"name\":\"dg technologies - Lateral Flow Reader\",\"description\":\"\",\"publisher\":{\"@id\":\"https:\/\/dg-technologies.de\/de\/#organization\"},\"potentialAction\":[{\"@type\":\"SearchAction\",\"target\":{\"@type\":\"EntryPoint\",\"urlTemplate\":\"https:\/\/dg-technologies.de\/de\/?s={search_term_string}\"},\"query-input\":{\"@type\":\"PropertyValueSpecification\",\"valueRequired\":true,\"valueName\":\"search_term_string\"}}],\"inLanguage\":\"de\"},{\"@type\":\"Organization\",\"@id\":\"https:\/\/dg-technologies.de\/de\/#organization\",\"name\":\"DIALUNOX GmbH\",\"url\":\"https:\/\/dg-technologies.de\/de\/\",\"logo\":{\"@type\":\"ImageObject\",\"inLanguage\":\"de\",\"@id\":\"https:\/\/dg-technologies.de\/de\/#\/schema\/logo\/image\/\",\"url\":\"https:\/\/dg-technologies.de\/wp-content\/uploads\/sites\/25\/2015\/12\/Qiagen_Logo.png\",\"contentUrl\":\"https:\/\/dg-technologies.de\/wp-content\/uploads\/sites\/25\/2015\/12\/Qiagen_Logo.png\",\"width\":710,\"height\":597,\"caption\":\"DIALUNOX GmbH\"},\"image\":{\"@id\":\"https:\/\/dg-technologies.de\/de\/#\/schema\/logo\/image\/\"}}]}<\/script>\n<!-- \/ Yoast SEO plugin. -->","yoast_head_json":{"title":"Quantitative Schnelltestentwicklung | dg technologies - Lateral Flow Reader","description":"Die Lateral Flow Studio Software ist ein einzigartiges, umfassendes Tool zur Entwicklung von Schnelltests, die von unseren Lumi-Leseger\u00e4ten verarbeitet werden.","robots":{"index":"index","follow":"follow","max-snippet":"max-snippet:-1","max-image-preview":"max-image-preview:large","max-video-preview":"max-video-preview:-1"},"canonical":"https:\/\/dg-technologies.de\/de\/entwicklertools\/","og_locale":"de_DE","og_type":"article","og_title":"Quantitative Schnelltestentwicklung | dg technologies - Lateral Flow Reader","og_description":"Die Lateral Flow Studio Software ist ein einzigartiges, umfassendes Tool zur Entwicklung von Schnelltests, die von unseren Lumi-Leseger\u00e4ten verarbeitet werden.","og_url":"https:\/\/dg-technologies.de\/de\/entwicklertools\/","og_site_name":"dg technologies - Lateral Flow Reader","article_modified_time":"2026-02-18T10:14:08+00:00","og_image":[{"width":600,"height":442,"url":"https:\/\/dg-technologies.de\/wp-content\/uploads\/2019\/03\/software.jpg","type":"image\/jpeg"}],"twitter_card":"summary_large_image","twitter_misc":{"Gesch\u00e4tzte Lesezeit":"2\u00a0Minuten"},"schema":{"@context":"https:\/\/schema.org","@graph":[{"@type":"WebPage","@id":"https:\/\/dg-technologies.de\/de\/entwicklertools\/","url":"https:\/\/dg-technologies.de\/de\/entwicklertools\/","name":"Quantitative Schnelltestentwicklung | dg technologies - Lateral Flow Reader","isPartOf":{"@id":"https:\/\/dg-technologies.de\/de\/#website"},"primaryImageOfPage":{"@id":"https:\/\/dg-technologies.de\/de\/entwicklertools\/#primaryimage"},"image":{"@id":"https:\/\/dg-technologies.de\/de\/entwicklertools\/#primaryimage"},"thumbnailUrl":"https:\/\/dg-technologies.de\/wp-content\/uploads\/2019\/03\/software.jpg","datePublished":"2025-04-30T08:31:17+00:00","dateModified":"2026-02-18T10:14:08+00:00","description":"Die Lateral Flow Studio Software ist ein einzigartiges, umfassendes Tool zur Entwicklung von Schnelltests, die von unseren Lumi-Leseger\u00e4ten verarbeitet werden.","breadcrumb":{"@id":"https:\/\/dg-technologies.de\/de\/entwicklertools\/#breadcrumb"},"inLanguage":"de","potentialAction":[{"@type":"ReadAction","target":["https:\/\/dg-technologies.de\/de\/entwicklertools\/"]}]},{"@type":"ImageObject","inLanguage":"de","@id":"https:\/\/dg-technologies.de\/de\/entwicklertools\/#primaryimage","url":"https:\/\/dg-technologies.de\/wp-content\/uploads\/2019\/03\/software.jpg","contentUrl":"https:\/\/dg-technologies.de\/wp-content\/uploads\/2019\/03\/software.jpg","width":600,"height":442},{"@type":"BreadcrumbList","@id":"https:\/\/dg-technologies.de\/de\/entwicklertools\/#breadcrumb","itemListElement":[{"@type":"ListItem","position":1,"name":"Home","item":"https:\/\/dg-technologies.de\/de\/"},{"@type":"ListItem","position":2,"name":"Entwicklertools"}]},{"@type":"WebSite","@id":"https:\/\/dg-technologies.de\/de\/#website","url":"https:\/\/dg-technologies.de\/de\/","name":"dg technologies - Lateral Flow Reader","description":"","publisher":{"@id":"https:\/\/dg-technologies.de\/de\/#organization"},"potentialAction":[{"@type":"SearchAction","target":{"@type":"EntryPoint","urlTemplate":"https:\/\/dg-technologies.de\/de\/?s={search_term_string}"},"query-input":{"@type":"PropertyValueSpecification","valueRequired":true,"valueName":"search_term_string"}}],"inLanguage":"de"},{"@type":"Organization","@id":"https:\/\/dg-technologies.de\/de\/#organization","name":"DIALUNOX GmbH","url":"https:\/\/dg-technologies.de\/de\/","logo":{"@type":"ImageObject","inLanguage":"de","@id":"https:\/\/dg-technologies.de\/de\/#\/schema\/logo\/image\/","url":"https:\/\/dg-technologies.de\/wp-content\/uploads\/sites\/25\/2015\/12\/Qiagen_Logo.png","contentUrl":"https:\/\/dg-technologies.de\/wp-content\/uploads\/sites\/25\/2015\/12\/Qiagen_Logo.png","width":710,"height":597,"caption":"DIALUNOX GmbH"},"image":{"@id":"https:\/\/dg-technologies.de\/de\/#\/schema\/logo\/image\/"}}]}},"_links":{"self":[{"href":"https:\/\/dg-technologies.de\/de\/wp-json\/wp\/v2\/pages\/10148","targetHints":{"allow":["GET"]}}],"collection":[{"href":"https:\/\/dg-technologies.de\/de\/wp-json\/wp\/v2\/pages"}],"about":[{"href":"https:\/\/dg-technologies.de\/de\/wp-json\/wp\/v2\/types\/page"}],"author":[{"embeddable":true,"href":"https:\/\/dg-technologies.de\/de\/wp-json\/wp\/v2\/users\/8"}],"replies":[{"embeddable":true,"href":"https:\/\/dg-technologies.de\/de\/wp-json\/wp\/v2\/comments?post=10148"}],"version-history":[{"count":16,"href":"https:\/\/dg-technologies.de\/de\/wp-json\/wp\/v2\/pages\/10148\/revisions"}],"predecessor-version":[{"id":11390,"href":"https:\/\/dg-technologies.de\/de\/wp-json\/wp\/v2\/pages\/10148\/revisions\/11390"}],"wp:featuredmedia":[{"embeddable":true,"href":"https:\/\/dg-technologies.de\/de\/wp-json\/wp\/v2\/media\/10268"}],"wp:attachment":[{"href":"https:\/\/dg-technologies.de\/de\/wp-json\/wp\/v2\/media?parent=10148"}],"curies":[{"name":"wp","href":"https:\/\/api.w.org\/{rel}","templated":true}]}}