{"id":10042,"date":"2025-04-29T12:54:28","date_gmt":"2025-04-29T11:54:28","guid":{"rendered":"https:\/\/dg-technologies.de\/impressum\/"},"modified":"2026-03-05T10:03:22","modified_gmt":"2026-03-05T09:03:22","slug":"impressum","status":"publish","type":"page","link":"https:\/\/dg-technologies.de\/de\/impressum\/","title":{"rendered":"Impressum"},"content":{"rendered":"<section class=\"l-section wpb_row us_custom_d353c498 height_medium\"><div class=\"l-section-h i-cf\"><div class=\"g-cols vc_row via_flex valign_top type_default stacking_default\"><div class=\"vc_col-sm-6 wpb_column vc_column_container\"><div class=\"vc_column-inner\"><div class=\"wpb_wrapper\">[vc_custom_heading text=&#8220;Impressum&#8220; font_container=&#8220;tag:h1|text_align:left&#8220; use_theme_fonts=&#8220;yes&#8220;]<div class=\"wpb_text_column\"><div class=\"wpb_wrapper\"><p data-start=\"0\" data-end=\"102\"><strong data-start=\"0\" data-end=\"26\">Sitz der Gesellschaft:<\/strong><br data-start=\"26\" data-end=\"29\" \/>dg technologies GmbH<br data-start=\"49\" data-end=\"52\" \/>Ober der M\u00fchle 39<br data-start=\"69\" data-end=\"72\" \/>42699 Solingen<br data-start=\"86\" data-end=\"89\" \/>Deutschland<\/p>\n<p data-start=\"104\" data-end=\"199\"><strong data-start=\"104\" data-end=\"124\">Operativer Sitz:<\/strong><br data-start=\"124\" data-end=\"127\" \/>dg technologies GmbH<br data-start=\"147\" data-end=\"150\" \/>Bodenseeallee 20<br data-start=\"166\" data-end=\"169\" \/>78333 Stockach<br data-start=\"183\" data-end=\"186\" \/>Deutschland<\/p>\n<p data-start=\"201\" data-end=\"242\"><strong data-start=\"201\" data-end=\"221\">Gesch\u00e4ftsf\u00fchrer:<\/strong><br data-start=\"221\" data-end=\"224\" \/>Dr. Peter M\u00f6ller<\/p>\n<p data-start=\"244\" data-end=\"302\"><strong data-start=\"244\" data-end=\"264\">Handelsregister:<\/strong><br data-start=\"264\" data-end=\"267\" \/>Amtsgericht Wuppertal<br data-start=\"288\" data-end=\"291\" \/>HRB 35321<\/p>\n<p data-start=\"304\" data-end=\"359\"><strong data-start=\"304\" data-end=\"343\">Umsatzsteuer-Identifikationsnummer:<\/strong><br data-start=\"343\" data-end=\"346\" \/>DE452243605<\/p>\n<p data-start=\"361\" data-end=\"462\"><strong data-start=\"361\" data-end=\"393\">Zust\u00e4ndige Aufsichtsbeh\u00f6rde:<\/strong><br data-start=\"393\" data-end=\"396\" \/>Bezirksregierung D\u00fcsseldorf<br data-start=\"423\" data-end=\"426\" \/>Cecilienallee 2<br data-start=\"441\" data-end=\"444\" \/>40474 D\u00fcsseldorf<\/p>\n<p data-start=\"464\" data-end=\"546\" data-is-last-node=\"\" data-is-only-node=\"\"><strong data-start=\"464\" data-end=\"501\">Webdesign \/ Technische Umsetzung:<\/strong><\/p>\n<p data-start=\"464\" data-end=\"546\" data-is-last-node=\"\" data-is-only-node=\"\"><a href=\"https:\/\/gebruederheitz.de\/\" target=\"_blank\" rel=\"noopener noreferrer\">gebr\u00fcderheitz \u2013 Office for Digital Solutions<\/a><\/p>\n<\/div><\/div><\/div><\/div><\/div><div class=\"vc_col-sm-6 wpb_column vc_column_container\"><div class=\"vc_column-inner\"><div class=\"wpb_wrapper\"><div class=\"w-separator size_custom\" style=\"height:70px\"><\/div><div class=\"w-contacts us_custom_d353c498\"><div class=\"w-contacts-list\"><div class=\"w-contacts-item for_email\"><span class=\"w-contacts-item-value\"><a href=\"m&#97;&#105;&#x6c;&#x74;&#x6f;:&#105;&#110;&#x66;&#x6f;&#x40;dg&#45;&#x74;&#x65;&#x63;hn&#111;&#108;&#x6f;&#x67;&#x69;e&#115;&#46;&#x64;&#x65;\">&#105;&#x6e;&#102;&#x6f;&#64;&#x64;&#103;&#x2d;&#116;&#x65;&#99;&#x68;n&#x6f;l&#x6f;g&#x69;e&#x73;&#46;&#x64;e<\/a><\/span><\/div><\/div><\/div><div class=\"w-separator size_custom\" style=\"height:20px\"><\/div><div class=\"w-iconbox us_custom_4b261c1d iconpos_left style_outlined color_primary align_left no_title\"><div class=\"w-iconbox-icon\" style=\"font-size:20px;\"><i class=\"fas fa-globe\"><\/i><\/div><div class=\"w-iconbox-meta\"><div class=\"w-iconbox-text\"><p><a style=\"font-size: 20px;\" href=\"https:\/\/www.dg-technologies.de\" target=\"_blank\" rel=\"noopener noreferrer\">www.dg-technologies.de<\/a><br \/>\n<a style=\"font-size: 20px;\" href=\"https:\/\/www.lateralflowreader.com\" target=\"_blank\" rel=\"noopener noreferrer\">www.lateralflowreader.com<\/a><br \/>\n<a style=\"font-size: 20px;\" href=\"https:\/\/www.dg-tech.eu\" target=\"_blank\" rel=\"noopener noreferrer\">www.dg-tech.eu<\/a><\/p>\n<\/div><\/div><\/div><div class=\"w-separator size_custom\" style=\"height:70px\"><\/div><div class=\"wpb_text_column us_custom_d353c498\"><div class=\"wpb_wrapper\"><p>Dieses Impressum gilt auch f\u00fcr folgende Onlinepr\u00e4senzen:<br \/>\n<a href=\"https:\/\/www.linkedin.com\/company\/dg-technologies-gmbh\/\">LinkedIn<\/a><\/p>\n<\/div><\/div><\/div><\/div><\/div><\/div><\/div><\/section>\n","protected":false},"excerpt":{"rendered":"[vc_custom_heading text=\"Impressum\" font_container=\"tag:h1|text_align:left\" use_theme_fonts=\"yes\"]Sitz der Gesellschaft:dg technologies GmbHOber der M\u00fchle 3942699 SolingenDeutschland Operativer Sitz:dg technologies GmbHBodenseeallee 2078333 StockachDeutschland Gesch\u00e4ftsf\u00fchrer:Dr. Peter M\u00f6ller Handelsregister:Amtsgericht WuppertalHRB 35321 Umsatzsteuer-Identifikationsnummer:DE452243605 Zust\u00e4ndige Aufsichtsbeh\u00f6rde:Bezirksregierung D\u00fcsseldorfCecilienallee 240474 D\u00fcsseldorf Webdesign \/ Technische Umsetzung: gebr\u00fcderheitz \u2013 Office for Digital Solutions &#105;&#110;&#x66;o&#64;&#x64;&#x67;-&#116;&#x65;&#x63;h&#110;&#x6f;&#x6c;o&#103;&#x69;&#x65;s&#46;&#x64;&#x65;w&#119;&#x77;&#46;&#100;&#103;&#x2d;t&#101;&#x63;&#x68;n&#111;&#x6c;&#x6f;g&#105;&#x65;&#x73;&#46;&#100;&#x65; www.lateralflowreader.com www.dg-tech.eu Dieses Impressum gilt auch f\u00fcr folgende Onlinepr\u00e4senzen: LinkedIn","protected":false},"author":1,"featured_media":0,"parent":0,"menu_order":0,"comment_status":"closed","ping_status":"closed","template":"","meta":{"footnotes":""},"class_list":["post-10042","page","type-page","status-publish","hentry"],"yoast_head":"<!-- This site is optimized with the Yoast SEO plugin v27.5 - https:\/\/yoast.com\/product\/yoast-seo-wordpress\/ -->\n<title>Impressum | dg technologies - Lateral Flow Reader<\/title>\n<meta name=\"description\" content=\"Offizielle Impressum-Seite von dg technologies mit Unternehmensangaben und Kontaktinformationen.\" \/>\n<meta name=\"robots\" content=\"index, follow, max-snippet:-1, max-image-preview:large, max-video-preview:-1\" \/>\n<link rel=\"canonical\" href=\"https:\/\/dg-technologies.de\/de\/impressum\/\" \/>\n<meta property=\"og:locale\" content=\"de_DE\" \/>\n<meta property=\"og:type\" content=\"article\" \/>\n<meta property=\"og:title\" content=\"Impressum | dg technologies - Lateral Flow Reader\" \/>\n<meta property=\"og:description\" content=\"Offizielle Impressum-Seite von dg technologies mit Unternehmensangaben und Kontaktinformationen.\" \/>\n<meta property=\"og:url\" content=\"https:\/\/dg-technologies.de\/de\/impressum\/\" \/>\n<meta property=\"og:site_name\" content=\"dg technologies - Lateral Flow Reader\" \/>\n<meta property=\"article:modified_time\" content=\"2026-03-05T09:03:22+00:00\" \/>\n<meta name=\"twitter:card\" content=\"summary_large_image\" \/>\n<meta name=\"twitter:label1\" content=\"Gesch\u00e4tzte Lesezeit\" \/>\n\t<meta name=\"twitter:data1\" content=\"1\u00a0Minute\" \/>\n<script type=\"application\/ld+json\" class=\"yoast-schema-graph\">{\"@context\":\"https:\\\/\\\/schema.org\",\"@graph\":[{\"@type\":\"WebPage\",\"@id\":\"https:\\\/\\\/dg-technologies.de\\\/de\\\/impressum\\\/\",\"url\":\"https:\\\/\\\/dg-technologies.de\\\/de\\\/impressum\\\/\",\"name\":\"Impressum | dg technologies - Lateral Flow Reader\",\"isPartOf\":{\"@id\":\"https:\\\/\\\/dg-technologies.de\\\/de\\\/#website\"},\"datePublished\":\"2025-04-29T11:54:28+00:00\",\"dateModified\":\"2026-03-05T09:03:22+00:00\",\"description\":\"Offizielle Impressum-Seite von dg technologies mit Unternehmensangaben und Kontaktinformationen.\",\"breadcrumb\":{\"@id\":\"https:\\\/\\\/dg-technologies.de\\\/de\\\/impressum\\\/#breadcrumb\"},\"inLanguage\":\"de\",\"potentialAction\":[{\"@type\":\"ReadAction\",\"target\":[\"https:\\\/\\\/dg-technologies.de\\\/de\\\/impressum\\\/\"]}]},{\"@type\":\"BreadcrumbList\",\"@id\":\"https:\\\/\\\/dg-technologies.de\\\/de\\\/impressum\\\/#breadcrumb\",\"itemListElement\":[{\"@type\":\"ListItem\",\"position\":1,\"name\":\"Home\",\"item\":\"https:\\\/\\\/dg-technologies.de\\\/de\\\/\"},{\"@type\":\"ListItem\",\"position\":2,\"name\":\"Impressum\"}]},{\"@type\":\"WebSite\",\"@id\":\"https:\\\/\\\/dg-technologies.de\\\/de\\\/#website\",\"url\":\"https:\\\/\\\/dg-technologies.de\\\/de\\\/\",\"name\":\"dg technologies - Lateral Flow Reader\",\"description\":\"\",\"publisher\":{\"@id\":\"https:\\\/\\\/dg-technologies.de\\\/de\\\/#organization\"},\"potentialAction\":[{\"@type\":\"SearchAction\",\"target\":{\"@type\":\"EntryPoint\",\"urlTemplate\":\"https:\\\/\\\/dg-technologies.de\\\/de\\\/?s={search_term_string}\"},\"query-input\":{\"@type\":\"PropertyValueSpecification\",\"valueRequired\":true,\"valueName\":\"search_term_string\"}}],\"inLanguage\":\"de\"},{\"@type\":\"Organization\",\"@id\":\"https:\\\/\\\/dg-technologies.de\\\/de\\\/#organization\",\"name\":\"DIALUNOX GmbH\",\"url\":\"https:\\\/\\\/dg-technologies.de\\\/de\\\/\",\"logo\":{\"@type\":\"ImageObject\",\"inLanguage\":\"de\",\"@id\":\"https:\\\/\\\/dg-technologies.de\\\/de\\\/#\\\/schema\\\/logo\\\/image\\\/\",\"url\":\"https:\\\/\\\/dg-technologies.de\\\/wp-content\\\/uploads\\\/sites\\\/25\\\/2015\\\/12\\\/Qiagen_Logo.png\",\"contentUrl\":\"https:\\\/\\\/dg-technologies.de\\\/wp-content\\\/uploads\\\/sites\\\/25\\\/2015\\\/12\\\/Qiagen_Logo.png\",\"width\":710,\"height\":597,\"caption\":\"DIALUNOX GmbH\"},\"image\":{\"@id\":\"https:\\\/\\\/dg-technologies.de\\\/de\\\/#\\\/schema\\\/logo\\\/image\\\/\"}}]}<\/script>\n<!-- \/ Yoast SEO plugin. -->","yoast_head_json":{"title":"Impressum | dg technologies - Lateral Flow Reader","description":"Offizielle Impressum-Seite von dg technologies mit Unternehmensangaben und Kontaktinformationen.","robots":{"index":"index","follow":"follow","max-snippet":"max-snippet:-1","max-image-preview":"max-image-preview:large","max-video-preview":"max-video-preview:-1"},"canonical":"https:\/\/dg-technologies.de\/de\/impressum\/","og_locale":"de_DE","og_type":"article","og_title":"Impressum | dg technologies - Lateral Flow Reader","og_description":"Offizielle Impressum-Seite von dg technologies mit Unternehmensangaben und Kontaktinformationen.","og_url":"https:\/\/dg-technologies.de\/de\/impressum\/","og_site_name":"dg technologies - Lateral Flow Reader","article_modified_time":"2026-03-05T09:03:22+00:00","twitter_card":"summary_large_image","twitter_misc":{"Gesch\u00e4tzte Lesezeit":"1\u00a0Minute"},"schema":{"@context":"https:\/\/schema.org","@graph":[{"@type":"WebPage","@id":"https:\/\/dg-technologies.de\/de\/impressum\/","url":"https:\/\/dg-technologies.de\/de\/impressum\/","name":"Impressum | dg technologies - Lateral Flow Reader","isPartOf":{"@id":"https:\/\/dg-technologies.de\/de\/#website"},"datePublished":"2025-04-29T11:54:28+00:00","dateModified":"2026-03-05T09:03:22+00:00","description":"Offizielle Impressum-Seite von dg technologies mit Unternehmensangaben und Kontaktinformationen.","breadcrumb":{"@id":"https:\/\/dg-technologies.de\/de\/impressum\/#breadcrumb"},"inLanguage":"de","potentialAction":[{"@type":"ReadAction","target":["https:\/\/dg-technologies.de\/de\/impressum\/"]}]},{"@type":"BreadcrumbList","@id":"https:\/\/dg-technologies.de\/de\/impressum\/#breadcrumb","itemListElement":[{"@type":"ListItem","position":1,"name":"Home","item":"https:\/\/dg-technologies.de\/de\/"},{"@type":"ListItem","position":2,"name":"Impressum"}]},{"@type":"WebSite","@id":"https:\/\/dg-technologies.de\/de\/#website","url":"https:\/\/dg-technologies.de\/de\/","name":"dg technologies - Lateral Flow Reader","description":"","publisher":{"@id":"https:\/\/dg-technologies.de\/de\/#organization"},"potentialAction":[{"@type":"SearchAction","target":{"@type":"EntryPoint","urlTemplate":"https:\/\/dg-technologies.de\/de\/?s={search_term_string}"},"query-input":{"@type":"PropertyValueSpecification","valueRequired":true,"valueName":"search_term_string"}}],"inLanguage":"de"},{"@type":"Organization","@id":"https:\/\/dg-technologies.de\/de\/#organization","name":"DIALUNOX GmbH","url":"https:\/\/dg-technologies.de\/de\/","logo":{"@type":"ImageObject","inLanguage":"de","@id":"https:\/\/dg-technologies.de\/de\/#\/schema\/logo\/image\/","url":"https:\/\/dg-technologies.de\/wp-content\/uploads\/sites\/25\/2015\/12\/Qiagen_Logo.png","contentUrl":"https:\/\/dg-technologies.de\/wp-content\/uploads\/sites\/25\/2015\/12\/Qiagen_Logo.png","width":710,"height":597,"caption":"DIALUNOX GmbH"},"image":{"@id":"https:\/\/dg-technologies.de\/de\/#\/schema\/logo\/image\/"}}]}},"_links":{"self":[{"href":"https:\/\/dg-technologies.de\/de\/wp-json\/wp\/v2\/pages\/10042","targetHints":{"allow":["GET"]}}],"collection":[{"href":"https:\/\/dg-technologies.de\/de\/wp-json\/wp\/v2\/pages"}],"about":[{"href":"https:\/\/dg-technologies.de\/de\/wp-json\/wp\/v2\/types\/page"}],"author":[{"embeddable":true,"href":"https:\/\/dg-technologies.de\/de\/wp-json\/wp\/v2\/users\/1"}],"replies":[{"embeddable":true,"href":"https:\/\/dg-technologies.de\/de\/wp-json\/wp\/v2\/comments?post=10042"}],"version-history":[{"count":6,"href":"https:\/\/dg-technologies.de\/de\/wp-json\/wp\/v2\/pages\/10042\/revisions"}],"predecessor-version":[{"id":11561,"href":"https:\/\/dg-technologies.de\/de\/wp-json\/wp\/v2\/pages\/10042\/revisions\/11561"}],"wp:attachment":[{"href":"https:\/\/dg-technologies.de\/de\/wp-json\/wp\/v2\/media?parent=10042"}],"curies":[{"name":"wp","href":"https:\/\/api.w.org\/{rel}","templated":true}]}}